{"id":757,"date":"2021-12-17T08:31:49","date_gmt":"2021-12-17T07:31:49","guid":{"rendered":"https:\/\/www.perspectivanova.ch\/?page_id=757"},"modified":"2025-08-29T09:00:25","modified_gmt":"2025-08-29T07:00:25","slug":"latin-tutoring","status":"publish","type":"page","link":"https:\/\/www.perspectivanova.ch\/en\/latein-nachhilfe\/","title":{"rendered":"Latin Tutoring"},"content":{"rendered":"<p>\"A goal is quickly formulated. I see it as my job to plan the steps to get there together.\"<\/p>\n\t<p><strong>MARCEL FL\u00dcTSCH<\/strong><\/p>\n<p><a href=\"https:\/\/www.perspectivanova.ch\/en\/german-tutoring\/\">German<\/a>, <a href=\"https:\/\/www.perspectivanova.ch\/en\/mathematics-tutoring\/\">Mathematics<\/a>, <a href=\"https:\/\/www.perspectivanova.ch\/en\/spanish-tutoring\/\">Spanish<\/a>, <a href=\"https:\/\/www.perspectivanova.ch\/en\/english-tutoring\/\">English<\/a> and other subjects<\/p>\n\t\t\t\t<img decoding=\"async\" src=\"https:\/\/www.perspectivanova.ch\/wp-content\/uploads\/2025\/08\/marcel-fluetsch_transparent-1024x1024.png\" alt=\"marcel fl\u00fctsch transparent\" itemprop=\"image\" height=\"1024\" width=\"1024\" title=\"Marcel Fl\u00fctsch_transparent\" onerror=\"this.style.display='none'\" loading=\"lazy\" \/>\n\t\t\t<h1>Latin Tutoring<\/h1>\t\t\t\n\t\t\t\t<p>The meaning of Latin is often doubted. Nevertheless, Latin forms the basis for almost all European languages. Anyone who can analyse the linguistic structure of Latin will gain a deeper understanding of every linguistic structure in Indo-Europe, which means that its numerous languages can be learned with a broad prior knowledge. Furthermore, numerous foreign words are adopted from Latin and used in everyday life. For many university studies such as various languages, history, archaeology, etc., Latin is therefore still compulsory. Languages such as Chinese, for example, can be learned more efficiently with knowledge of Latin, since the examination of the differences between the languages in small steps leads to success in language learning.<\/p>\n\t\t\t\t\t\t<h5>Vocabulary<\/h5>\n\t\t\t<p>Many pupils claim to be very untalented in languages, although they are not. Especially the learning of Latin is a headache for many. If an analysis is carried out on the supposed talent deficit, it can often be determined right at the beginning that many pupils already resign themselves to learning Latin. One of the reasons for this is often the extremely long memorisation of vocabulary. In the Gymnasium, the responsibility of \"learning words\" is left entirely to the pupils for reasons of time.<\/p>\n<h4>What we offer<\/h4>\n<p>We appeal to all Latin students to take the lists of words to be learned into our lessons and to learn them reliably. Since the vocabulary learnt occurs again and again in the progressive lessons of Latin lessons at school, we try to rehearse it holistically and with different action-oriented methods. Particularly for dry memorisation, we show variations on how words can be learned quickly and efficiently in order to avoid vocabulary mistakes in exams, because: Vocabulary is a free point in exams, which should not be given away!<\/p>\n\t\t\t\t\t\t<h5>Sentence theory (sentence elements, acl, etc.)<\/h5>\n\t\t\t<p>To get a holistic understanding of a language, it is important that sentence analysis takes place. Why is this not done in French or English? One reason can be found in the curriculum, which rightly leaves sentence analysis out. French and English can be taught in a very action-oriented way, since both are world languages and are therefore spoken by millions of people. Here it lends itself to reading, writing, listening and speaking. In Latin, this is only possible to a limited extent, as the language is no longer spoken.<\/p>\n<p>Furthermore, knowledge of Latin sentence theory and grammar also extends knowledge of the composition of all Indo-European languages. Since Latin changes in every sentence, respectively in every person, every case, every gender and every numerus (singular and plural), sentence analysis is easier than in French or English, for example, where the language sometimes does not change at all. Many pupils lose patience, because here too, attention has to be paid to many different grammatical rules.<\/p>\n<h4>What we offer<\/h4>\n<p>We support the pupils by increasingly presenting specially compiled texts, which are individually adapted to the pupils, for analysis. The pupils work much more efficiently when they see their own name in the text and can better imagine the situation that occurs in the text. We have a lot of additional material for various teaching materials.<\/p>\n\t\t\t\t\t\t<h5>Translations<\/h5>\n\t\t\t<p>In order to apply the learned Latin grammar, translations of Latin texts into German are used to a large extent. Older as well as newer teaching materials rely on the fact that all grammatical rules learned are actively applied through the text translations. From our experience, however, we know that many pupils question the sense of learning Latin at an early stage and even resign themselves. For this reason, gross problems emerge the further Latin lessons go on and the more new rules are only dealt with in a rudimentary way or are even worked out on one's own.<\/p>\n<h4>What we offer<\/h4>\n<p>We present the pupils with many additional texts for various teaching aids. These vary in difficulty. In the case of early resignation of pupils, we work with translation texts tailored to the person. The level of difficulty as well as the content of the text is adapted with the involvement of the students themselves.<\/p>\n\t\t\t<h2>Latin tutoring in Zurich<\/h2>\t\t\t\n\t\t\t\t<p>Request now free of charge:<\/p>\n<h2>\n\t\t\tWhat our customers say:\t<\/h2>\n\t\t\t\t\t\t\t<h3 class='uabb-testimonial-author-name testimonial-author-name'>Marcel G.<\/h3>\n\t\t\t\t\t\t\tFilled starFilled starFilled starFilled starFilled star\n\t\t\t\t\t\t\t\tGym preparation\t\t\t\t\t\t\t\n\t\t\t\t\t\t<p>\"Competent tutoring service that is good for grammar school preparation, no matter what school subject.\"<\/p>\t\t\t\t\t\n\t\t\t\t\t\t\t<h3 class='uabb-testimonial-author-name testimonial-author-name'>Lena D.<\/h3>\n\t\t\t\t\t\t\tFilled starFilled starFilled starFilled starFilled star\n\t\t\t\t\t\t\t\tindividual tutoring in maths\t\t\t\t\t\t\t\n\t\t\t\t\t\t<p>\"Very nice tutors who take a lot of time and explain everything well.\"<\/p>\t\t\t\t\t\n\t<p>We also teach languages in other subjects:<\/p>\n<ul>\n<li><a href=\"https:\/\/www.perspectivanova.ch\/en\/german-tutoring\/\">German Tutoring<\/a><\/li>\n<li><a href=\"https:\/\/www.perspectivanova.ch\/en\/english-tutoring\/\">English tutoring<\/a><\/li>\n<li><a href=\"https:\/\/www.perspectivanova.ch\/en\/spanish-tutoring\/\">Spanish tutoring<\/a><\/li>\n<\/ul>\n\t<p>&nbsp;<\/p>\n<ul>\n<li><a href=\"https:\/\/www.perspectivanova.ch\/en\/italian-tutoring\/\">Italian Tutoring<\/a><\/li>\n<li><a href=\"https:\/\/www.perspectivanova.ch\/en\/french-tutoring\/\">French tutoring<\/a><\/li>\n<\/ul>\n\t<h2>We teach throughout German-speaking Switzerland<\/h2>\n<p>Our trained team of teachers at Perspectiva Nova supports your child with individually tailored remedial and private tuition - right where they feel most comfortable: at home.<\/p>\n\t<a href=\"\/en\/tutoring\/\" target=\"_self\"  aria-label=\"Go to \/tutoring\/\"><\/a>\n\t\t\t\t<img decoding=\"async\" src=\"https:\/\/www.perspectivanova.ch\/wp-content\/uploads\/2021\/10\/icon-rucksack-final.svg\" alt=\"icon backpack\" title=\"icon-backpack-final\" itemprop=\"image\"\/>\n\t\t\t\t<p><strong>Tutoring Elementary and<\/strong><br \/><strong>High School,<\/strong><br \/><strong>Gymnasium \/ Probation Period<\/strong><\/p>\n\u00a0\n\u00a0\n\t<a href=\"\/en\/gymivorbereitung\/\" target=\"_self\"  aria-label=\"Go to \/gymivorbereitung\/\"><\/a>\n\t\t\t\t<img decoding=\"async\" src=\"https:\/\/www.perspectivanova.ch\/wp-content\/uploads\/2021\/10\/icon-block-stift-final.svg\" alt=\"icon block pen\" title=\"icon-block-pen-final\" itemprop=\"image\"\/>\n\t\t\t\t<p><strong>Preparation<\/strong><br \/><strong>Gymi examination (ZAP1-3)<\/strong><br \/><strong>and Matura<\/strong><\/p>\n\u00a0\n\t<a href=\"\/en\/learning-strategies\/\" target=\"_self\"  aria-label=\"Go to \/learning strategies\/\"><\/a>\n\t\t\t\t<img decoding=\"async\" src=\"https:\/\/www.perspectivanova.ch\/wp-content\/uploads\/2021\/10\/bu\u0308cher-final-final.svg\" alt=\"Icon Books\" title=\"book-final-final\" itemprop=\"image\"\/>\n\t\t\t\t<p><strong>Learning Strategies<\/strong><br \/><strong>and Learning Plans<\/strong><\/p>\n\t<a href=\"\/en\/tuition-university\/\" target=\"_self\"  aria-label=\"Go to \/nachhilfe-hochschule\/\"><\/a>\n\t\t\t\t<img decoding=\"async\" src=\"https:\/\/www.perspectivanova.ch\/wp-content\/uploads\/2021\/10\/icon-buch-stift.svg\" alt=\"Icon book with pen\" title=\"icon book pen\" itemprop=\"image\"\/>\n\t\t\t\t<p><strong>Tutoring<\/strong><br \/><strong>University<\/strong><\/p>\n\u00a0\n\t\t\t\t<img decoding=\"async\" src=\"https:\/\/www.perspectivanova.ch\/wp-content\/uploads\/2021\/10\/icon-checkbox-weiss.svg\" alt=\"Icon checkbox white\" title=\"icon-checkbox-white\" itemprop=\"image\"\/>\n\t\t\t\t<p>Discovering the joy of learning and learning success<\/p>\n\t\t\t\t<img decoding=\"async\" src=\"https:\/\/www.perspectivanova.ch\/wp-content\/uploads\/2021\/10\/icon-checkbox-weiss.svg\" alt=\"Icon checkbox white\" title=\"icon-checkbox-white\" itemprop=\"image\"\/>\n\t\t\t\t<p class=\"translation-block\">Achieve goals that are tailored to personal needs<\/p>\n\t\t\t\t<img decoding=\"async\" src=\"https:\/\/www.perspectivanova.ch\/wp-content\/uploads\/2021\/10\/icon-checkbox-weiss.svg\" alt=\"Icon checkbox white\" title=\"icon-checkbox-white\" itemprop=\"image\"\/>\n\t\t\t\t<p>Documented learning progress<\/p>\n\t\t\t\t<img decoding=\"async\" src=\"https:\/\/www.perspectivanova.ch\/wp-content\/uploads\/2021\/10\/icon-checkbox-weiss.svg\" alt=\"Icon checkbox white\" title=\"icon-checkbox-white\" itemprop=\"image\"\/>\n\t\t\t\t<p>Trained and sensitive teachers for all levels and subjects<\/p>","protected":false},"excerpt":{"rendered":"<p>\u00abEin Ziel ist schnell formuliert. Die Schritte dorthin gemeinsam zu planen, sehe ich als meine Aufgabe.\u00bb MARCEL FL\u00dcTSCH Deutsch, Mathematik, Spanisch, Englisch und weitere F\u00e4cher Latein Nachhilfe Der Sinn des Lateins wird oft angezweifelt. Dennoch bildet das Latein die Basis zu fast allen europ\u00e4ischen Sprachen. Wer den Sprachbau des Lateins analysieren kann, bekommt ein vertieftes [&hellip;]<\/p>\n","protected":false},"author":1,"featured_media":0,"parent":0,"menu_order":0,"comment_status":"closed","ping_status":"closed","template":"","meta":{"_acf_changed":false,"_seopress_robots_primary_cat":"","_seopress_titles_title":"Latein Nachhilfe I Perspectiva Nova","_seopress_titles_desc":"Perspectiva Nova unterst\u00fctzt Ihr Kind mit individueller und zugeschnittenem F\u00f6rder- und Nachhilfeunterricht in Latein in Z\u00fcrich oder auch mit virtueller Nachhilfe. Von Sekundarstufe bis hin zur Matura, gemeinsam verbessern wir auf Dauer die Noten und meistern die Sprache!  ","_seopress_robots_index":"","inline_featured_image":false,"site-sidebar-layout":"default","site-content-layout":"default","ast-site-content-layout":"default","site-content-style":"default","site-sidebar-style":"default","ast-global-header-display":"","ast-banner-title-visibility":"","ast-main-header-display":"","ast-hfb-above-header-display":"","ast-hfb-below-header-display":"","ast-hfb-mobile-header-display":"","site-post-title":"disabled","ast-breadcrumbs-content":"","ast-featured-img":"","footer-sml-layout":"","ast-disable-related-posts":"","theme-transparent-header-meta":"default","adv-header-id-meta":null,"stick-header-meta":"default","header-above-stick-meta":null,"header-main-stick-meta":"","header-below-stick-meta":null,"astra-migrate-meta-layouts":"default","ast-page-background-enabled":"default","ast-page-background-meta":{"desktop":{"background-color":"var(--ast-global-color-4)","background-image":"","background-repeat":"repeat","background-position":"center center","background-size":"auto","background-attachment":"scroll","background-type":"","background-media":"","overlay-type":"","overlay-color":"","overlay-opacity":"","overlay-gradient":""},"tablet":{"background-color":"","background-image":"","background-repeat":"repeat","background-position":"center center","background-size":"auto","background-attachment":"scroll","background-type":"","background-media":"","overlay-type":"","overlay-color":"","overlay-opacity":"","overlay-gradient":""},"mobile":{"background-color":"","background-image":"","background-repeat":"repeat","background-position":"center center","background-size":"auto","background-attachment":"scroll","background-type":"","background-media":"","overlay-type":"","overlay-color":"","overlay-opacity":"","overlay-gradient":""}},"ast-content-background-meta":{"desktop":{"background-color":"var(--ast-global-color-5)","background-image":"","background-repeat":"repeat","background-position":"center center","background-size":"auto","background-attachment":"scroll","background-type":"","background-media":"","overlay-type":"","overlay-color":"","overlay-opacity":"","overlay-gradient":""},"tablet":{"background-color":"var(--ast-global-color-5)","background-image":"","background-repeat":"repeat","background-position":"center center","background-size":"auto","background-attachment":"scroll","background-type":"","background-media":"","overlay-type":"","overlay-color":"","overlay-opacity":"","overlay-gradient":""},"mobile":{"background-color":"var(--ast-global-color-5)","background-image":"","background-repeat":"repeat","background-position":"center center","background-size":"auto","background-attachment":"scroll","background-type":"","background-media":"","overlay-type":"","overlay-color":"","overlay-opacity":"","overlay-gradient":""}},"iawp_total_views":55,"footnotes":""},"class_list":["post-757","page","type-page","status-publish","hentry"],"acf":[],"_links":{"self":[{"href":"https:\/\/www.perspectivanova.ch\/en\/wp-json\/wp\/v2\/pages\/757","targetHints":{"allow":["GET"]}}],"collection":[{"href":"https:\/\/www.perspectivanova.ch\/en\/wp-json\/wp\/v2\/pages"}],"about":[{"href":"https:\/\/www.perspectivanova.ch\/en\/wp-json\/wp\/v2\/types\/page"}],"author":[{"embeddable":true,"href":"https:\/\/www.perspectivanova.ch\/en\/wp-json\/wp\/v2\/users\/1"}],"replies":[{"embeddable":true,"href":"https:\/\/www.perspectivanova.ch\/en\/wp-json\/wp\/v2\/comments?post=757"}],"version-history":[{"count":7,"href":"https:\/\/www.perspectivanova.ch\/en\/wp-json\/wp\/v2\/pages\/757\/revisions"}],"predecessor-version":[{"id":1973,"href":"https:\/\/www.perspectivanova.ch\/en\/wp-json\/wp\/v2\/pages\/757\/revisions\/1973"}],"wp:attachment":[{"href":"https:\/\/www.perspectivanova.ch\/en\/wp-json\/wp\/v2\/media?parent=757"}],"curies":[{"name":"wp","href":"https:\/\/api.w.org\/{rel}","templated":true}]}}