{"id":132,"date":"2021-10-30T11:32:42","date_gmt":"2021-10-30T09:32:42","guid":{"rendered":"https:\/\/www.perspectivanova.ch\/?page_id=132"},"modified":"2026-03-11T16:32:36","modified_gmt":"2026-03-11T15:32:36","slug":"team","status":"publish","type":"page","link":"https:\/\/www.perspectivanova.ch\/en\/team\/","title":{"rendered":"Team"},"content":{"rendered":"<p>\"A goal is quickly formulated. I see it as my job to plan the steps to get there together.\"<\/p>\n\t<p><strong>JONATHAN HAULLER<\/strong><\/p>\n<p><a href=\"https:\/\/www.perspectivanova.ch\/en\/german-tutoring\/\">German<\/a>, <a href=\"https:\/\/www.perspectivanova.ch\/en\/mathematics-tutoring\/\">Mathematics<\/a>, <a href=\"https:\/\/www.perspectivanova.ch\/en\/spanish-tutoring\/\">Spanish<\/a>, <a href=\"https:\/\/www.perspectivanova.ch\/en\/english-tutoring\/\">English<\/a> and other subjects<\/p>\n\t\t\t\t<img decoding=\"async\" src=\"https:\/\/www.perspectivanova.ch\/wp-content\/uploads\/2025\/08\/marcel-fluetsch_transparent-1024x1024.png\" alt=\"marcel fl\u00fctsch transparent\" itemprop=\"image\" height=\"1024\" width=\"1024\" title=\"Marcel Fl\u00fctsch_transparent\" onerror=\"this.style.display='none'\" loading=\"lazy\" \/>\n\t\t\t<h1>The right teacher for your learning goal<\/h1>\t\t\t\n\t\t\t\t<p>Our team of 75 professional teachers will support you with your individual learning programme. We work with flexible timetables and adapt to your needs. Our teachers have a great deal of empathy and experience in working with pupils and students, both professionally and personally. We therefore offer optimal preparation for pupils and students of all ages.<\/p>\n<p>Learn more: <a href=\"\/en\/contact\/\">Contact<\/a> us right away!<\/p>\n\t\t<h3>We thank our partners<\/h3><p><a href=\"http:\/\/www.perspectivaplus.ch\" target=\"_blank\" rel=\"noopener noreferrer nofollow\">Perspectiva Plus<\/a>Counselling, support and further training for challenges (autism spectrum, AD(H)S, etc.)<\/p>\n<p><a href=\"https:\/\/buechler-lernberatung.ch\/\" target=\"_blank\" rel=\"noopener noreferrer nofollow\">B\u00fcchler learning guidance<\/a>, Gaby B\u00fcchler, learning counselling, dyscalculia and dyslexia; City of Zurich<\/p>\n<p><a href=\"https:\/\/www.lernenundentwickeln.ch\/\" target=\"_blank\" rel=\"noopener noreferrer nofollow\">Learning and development<\/a>, Adriana Lamm and Ir\u00e8ne G\u00fcrber, learning therapy, dyscalculia, dyslexia, concentration, family counselling; St\u00e4fa ZH<\/p>\n<p><a href=\"https:\/\/www.praxis-blossom.ch\/\" target=\"_blank\" rel=\"noopener noreferrer nofollow\">Practice blossom.<\/a> Tanja Kretz, Bio- and Neurofeedback; City of Zurich<\/p>\n<p><a href=\"https:\/\/www.inconnection.ch\/\" target=\"_blank\" rel=\"noopener noreferrer nofollow\">Inconnection<\/a>Psychological counselling in school settings (school crisis, exhaustion, burnout, self-esteem, family issues), Daniela Sas and Bettina Ries; City of Zurich<\/p>\n<p><a href=\"http:\/\/www.noam.ch\" target=\"_blank\" rel=\"noopener noreferrer nofollow\">NOAM Jewish School<\/a> for the close and very successful cooperation!<\/p>\n<p><a href=\"http:\/\/www.lakesideschool.ch\" target=\"_blank\" rel=\"noopener noreferrer nofollow\">Lakeside School K\u00fcsnacht and Horgen<\/a> for the close and very successful cooperation!<\/p>\n<p><a href=\"http:\/\/www.viadukt-schule.ch\" target=\"_blank\" rel=\"noopener noreferrer nofollow\">Viaduct School<\/a> for the close and very successful cooperation!<\/p>\n<p>&nbsp;<\/p>\n<p>We work with various district school authorities in the city of Zurich and school authorities in the canton of Zurich and are very grateful for the close cooperation!<\/p>","protected":false},"excerpt":{"rendered":"<p>\u00abEin Ziel ist schnell formuliert. Die Schritte dorthin gemeinsam zu planen, sehe ich als meine Aufgabe.\u00bb JONATHAN HAULLER Deutsch, Mathematik, Spanisch, Englisch und weitere F\u00e4cher Die passende Lehrperson f\u00fcr Dein Lernziel Unser 75-k\u00f6pfiges Team aus professionellen Lehrpersonen unterst\u00fctzt dich bei deinem individuellen Lernprogramm. Wir arbeiten mit flexiblen Stundenpl\u00e4nen und passen uns deinen Bed\u00fcrfnissen an. Unsere [&hellip;]<\/p>\n","protected":false},"author":1,"featured_media":0,"parent":0,"menu_order":0,"comment_status":"closed","ping_status":"closed","template":"","meta":{"_acf_changed":false,"_seopress_robots_primary_cat":"","_seopress_titles_title":"Unser Team | Nachhilfe & Gymivorbereitung | Perspectiva Nova","_seopress_titles_desc":"Unser erfahrenes Team unterst\u00fctzt Sch\u00fclerinnen und Sch\u00fcler mit individueller Nachhilfe und Lerncoaching in Z\u00fcrich. Lernen Sie die Lehrpersonen von Perspectiva Nova kennen.","_seopress_robots_index":"","inline_featured_image":false,"site-sidebar-layout":"","site-content-layout":"","ast-site-content-layout":"default","site-content-style":"default","site-sidebar-style":"default","ast-global-header-display":"","ast-banner-title-visibility":"","ast-main-header-display":"","ast-hfb-above-header-display":"","ast-hfb-below-header-display":"","ast-hfb-mobile-header-display":"","site-post-title":"disabled","ast-breadcrumbs-content":"","ast-featured-img":"","footer-sml-layout":"","ast-disable-related-posts":"","theme-transparent-header-meta":"","adv-header-id-meta":"","stick-header-meta":"","header-above-stick-meta":"","header-main-stick-meta":"","header-below-stick-meta":"","astra-migrate-meta-layouts":"set","ast-page-background-enabled":"default","ast-page-background-meta":{"desktop":{"background-color":"var(--ast-global-color-4)","background-image":"","background-repeat":"repeat","background-position":"center center","background-size":"auto","background-attachment":"scroll","background-type":"","background-media":"","overlay-type":"","overlay-color":"","overlay-opacity":"","overlay-gradient":""},"tablet":{"background-color":"","background-image":"","background-repeat":"repeat","background-position":"center center","background-size":"auto","background-attachment":"scroll","background-type":"","background-media":"","overlay-type":"","overlay-color":"","overlay-opacity":"","overlay-gradient":""},"mobile":{"background-color":"","background-image":"","background-repeat":"repeat","background-position":"center center","background-size":"auto","background-attachment":"scroll","background-type":"","background-media":"","overlay-type":"","overlay-color":"","overlay-opacity":"","overlay-gradient":""}},"ast-content-background-meta":{"desktop":{"background-color":"var(--ast-global-color-5)","background-image":"","background-repeat":"repeat","background-position":"center center","background-size":"auto","background-attachment":"scroll","background-type":"","background-media":"","overlay-type":"","overlay-color":"","overlay-opacity":"","overlay-gradient":""},"tablet":{"background-color":"var(--ast-global-color-5)","background-image":"","background-repeat":"repeat","background-position":"center center","background-size":"auto","background-attachment":"scroll","background-type":"","background-media":"","overlay-type":"","overlay-color":"","overlay-opacity":"","overlay-gradient":""},"mobile":{"background-color":"var(--ast-global-color-5)","background-image":"","background-repeat":"repeat","background-position":"center center","background-size":"auto","background-attachment":"scroll","background-type":"","background-media":"","overlay-type":"","overlay-color":"","overlay-opacity":"","overlay-gradient":""}},"iawp_total_views":11581,"footnotes":""},"class_list":["post-132","page","type-page","status-publish","hentry"],"acf":[],"_links":{"self":[{"href":"https:\/\/www.perspectivanova.ch\/en\/wp-json\/wp\/v2\/pages\/132","targetHints":{"allow":["GET"]}}],"collection":[{"href":"https:\/\/www.perspectivanova.ch\/en\/wp-json\/wp\/v2\/pages"}],"about":[{"href":"https:\/\/www.perspectivanova.ch\/en\/wp-json\/wp\/v2\/types\/page"}],"author":[{"embeddable":true,"href":"https:\/\/www.perspectivanova.ch\/en\/wp-json\/wp\/v2\/users\/1"}],"replies":[{"embeddable":true,"href":"https:\/\/www.perspectivanova.ch\/en\/wp-json\/wp\/v2\/comments?post=132"}],"version-history":[{"count":80,"href":"https:\/\/www.perspectivanova.ch\/en\/wp-json\/wp\/v2\/pages\/132\/revisions"}],"predecessor-version":[{"id":3223,"href":"https:\/\/www.perspectivanova.ch\/en\/wp-json\/wp\/v2\/pages\/132\/revisions\/3223"}],"wp:attachment":[{"href":"https:\/\/www.perspectivanova.ch\/en\/wp-json\/wp\/v2\/media?parent=132"}],"curies":[{"name":"wp","href":"https:\/\/api.w.org\/{rel}","templated":true}]}}