{"id":1268,"date":"2022-02-04T16:21:19","date_gmt":"2022-02-04T15:21:19","guid":{"rendered":"https:\/\/www.perspectivanova.ch\/?page_id=1268"},"modified":"2025-08-29T08:59:25","modified_gmt":"2025-08-29T06:59:25","slug":"geography-tutoring","status":"publish","type":"page","link":"https:\/\/www.perspectivanova.ch\/en\/geografie-nachhilfe\/","title":{"rendered":"Geography tutoring"},"content":{"rendered":"<p>\"A goal is quickly formulated. I see it as my job to plan the steps to get there together.\"<\/p>\n\t<p><strong>MARCEL FL\u00dcTSCH<\/strong><\/p>\n<p><a href=\"https:\/\/www.perspectivanova.ch\/en\/german-tutoring\/\">German<\/a>, <a href=\"https:\/\/www.perspectivanova.ch\/en\/mathematics-tutoring\/\">Mathematics<\/a>, <a href=\"https:\/\/www.perspectivanova.ch\/en\/spanish-tutoring\/\">Spanish<\/a>, <a href=\"https:\/\/www.perspectivanova.ch\/en\/english-tutoring\/\">English<\/a> and other subjects<\/p>\n\t\t\t\t<img decoding=\"async\" src=\"https:\/\/www.perspectivanova.ch\/wp-content\/uploads\/2025\/08\/marcel-fluetsch_transparent-1024x1024.png\" alt=\"marcel fl\u00fctsch transparent\" itemprop=\"image\" height=\"1024\" width=\"1024\" title=\"Marcel Fl\u00fctsch_transparent\" onerror=\"this.style.display='none'\" loading=\"lazy\" \/>\n\t\t\t<h1>Geography tutoring in Zurich<\/h1>\t\t\t\n\t\t\t\t<p>Geography is a school subject that is also taught under the\u00a0<em><u>Designation\u00a0<strong>Geography<\/strong><\/u><\/em>\u00a0is known and deals with the structure of the earth, the nature of the earth's surface and the interaction between the earth and humans. It is not uncommon for pupils to need\u00a0<strong>Geography tutoring<\/strong>This is because there is often not enough time in regular school lessons to understand the subject matter and to apply it in class tests and exams. The right support to deepen and routinely apply the subject knowledge in geography is provided by the\u00a0<strong>Geography tutoring in Zurich<\/strong>.<\/p>\n\t\t\t<h2>Learning and understanding geography made easy<\/h2>\t\t\t\n\t\t\t\t<p>Our\u00a0<strong>Geography tutoring in Zurich<\/strong>\u00a0supports the goal that the general schools from primary to grammar school level also pursue, namely the\u00a0<em><u>Self-competence, professional competence, social competence, competence to act and methodological competence<\/u><\/em>\u00a0of the pupils. Learned knowledge must be able to be routinely applied to questions in examinations, class tests and tests in order to achieve very good grades.<\/p>\n<p>In doing so, the\u00a0<strong>Geography tutoring<\/strong>\u00a0also the transfer of knowledge. Competent tutors teach how to apply theories and knowledge to geography tasks in exams and class tests as well as in tests and how to document them in writing. In addition, the\u00a0<strong>Geography tutoring<\/strong>\u00a0knowledge gaps filled and thus the comprehensive understanding,\u00a0<em><u>promote subject and methodological competence<\/u><\/em>. Specialist knowledge is acquired and deepened.<\/p>\n\t\t\t<h2>Searched for geography tutoring, found it in Zurich!<\/h2>\t\t\t\n\t\t\t\t<p>Through\u00a0<em><u>Intensive courses, holiday courses and individual support and remedial teaching<\/u><\/em>\u00a0our\u00a0<strong>Geography tutoring in Switzerland<\/strong><strong>\u00a0(Zurich)<\/strong>\u00a0tutoring students are enabled to recognise and document contexts independently. Questions are answered correctly on the basis of subject knowledge in tests and exams. Because when subject knowledge is acquired and thus the basis for lasting learning success is laid, this demonstrably ensures better grades in geography. And when the grades are very good, the\u00a0<em><u>intrinsic motivation to learn<\/u><\/em>\u00a0of the pupils.<\/p>\n\t\t\t<h2>Geography tuition for all school levels in Switzerland up to Matura level<\/h2>\t\t\t\n\t\t\t\t<p>The\u00a0<strong>Swiss geography tutoring<\/strong>\u00a0promotes the ability to understand specialised texts, to identify information on a geographical topic or task, to interpret specialised texts and to reproduce the contents of specialised texts in one's own words as well as to reflect on them. The\u00a0<em><u>Spectrum of the tutoring offer<\/u><\/em>\u00a0is aimed at all pupils from primary through secondary to grammar school level.<\/p>\n\t\t\t<h2>Online Geography Tutoring - Information and Advantages<\/h2>\t\t\t\n\t\t\t\t<p>Pupils are given the opportunity to\u00a0<strong>Geography tutoring<\/strong>\u00a0individual\u00a0<em><u>Private tuition in geography<\/u><\/em>. The learning progress of the tutoring students can be viewed by the parents or guardians at any time via the customer login.<\/p>\n<p>At the end of each month, guardians receive written feedback on learning progress. Before tutoring in geography begins, the following can be done\u00a0<em><u>an initial consultation<\/u><\/em>\u00a0be used in a personal conversation. Upon request, a\u00a0<em><u>Feedback discussion with the geography or geography teacher<\/u><\/em>\u00a0of the pupil. Now about\u00a0<strong>Geography tutoring online<\/strong>\u00a0inform and permanently improve grades in geography.<\/p>\n<ul>\n<li>Individual support and remedial teaching by professional tutors in Zurich<\/li>\n<li>Close knowledge gaps sustainably and get better grades in geography<\/li>\n<li>Geography tutoring by experienced remedial teachers at home<\/li>\n<li>Private or group tutoring in Zurich<\/li>\n<li>Geography tutoring for primary, secondary and grammar schools<\/li>\n<li>remedial teaching for better understanding of geography subject texts<\/li>\n<li>Holiday courses for intensive preparation for geography lessons in the next school year<\/li>\n<li>Learning success check for geography tutoring<\/li>\n<\/ul>\n\t\t\t<h2>Geography tutoring in Zurich<\/h2>\t\t\t\n\t\t\t\t<p>Request now free of charge:<\/p>\n<h2>\n\t\t\tWhat our customers say:\t<\/h2>\n\t\t\t\t\t\t\t<b>Marcel G.<\/b>\n\t\t\t\t\t\t\tFilled starFilled starFilled starFilled starFilled star\n\t\t\t\t\t\t\t\tGym preparation\t\t\t\t\t\t\t\n\t\t\t\t\t\t<p>\"Competent tutoring service that is good for grammar school preparation, no matter what school subject.\"<\/p>\t\t\t\t\t\n\t\t\t\t\t\t\t<b>Lena D.<\/b>\n\t\t\t\t\t\t\tFilled starFilled starFilled starFilled starFilled star\n\t\t\t\t\t\t\t\tindividual tutoring in maths\t\t\t\t\t\t\t\n\t\t\t\t\t\t<p>\"Very nice tutors who take a lot of time and explain everything well.\"<\/p>\t\t\t\t\t\n\t<p>We also teach humanities in other subjects:<\/p>\n<ul>\n<li><a href=\"https:\/\/www.perspectivanova.ch\/en\/history-tutoring\/\">History tutoring<\/a><\/li>\n<\/ul>\n\t<h2>We teach throughout German-speaking Switzerland<\/h2>\n<p>Our trained team of teachers at Perspectiva Nova supports your child with individually tailored remedial and private tuition - right where they feel most comfortable: at home.<\/p>\n\t<a href=\"\/en\/tutoring\/\" target=\"_self\"  aria-label=\"Go to \/tutoring\/\"><\/a>\n\t\t\t\t<img decoding=\"async\" src=\"https:\/\/www.perspectivanova.ch\/wp-content\/uploads\/2021\/10\/icon-rucksack-final.svg\" alt=\"icon backpack\" title=\"icon-backpack-final\" itemprop=\"image\"\/>\n\t\t\t\t<p><strong>Tutoring Elementary and<\/strong><br \/><strong>High School,<\/strong><br \/><strong>Gymnasium \/ Probation Period<\/strong><\/p>\n\u00a0\n\u00a0\n\t<a href=\"\/en\/gymivorbereitung\/\" target=\"_self\"  aria-label=\"Go to \/gymivorbereitung\/\"><\/a>\n\t\t\t\t<img decoding=\"async\" src=\"https:\/\/www.perspectivanova.ch\/wp-content\/uploads\/2021\/10\/icon-block-stift-final.svg\" alt=\"icon block pen\" title=\"icon-block-pen-final\" itemprop=\"image\"\/>\n\t\t\t\t<p><strong>Preparation<\/strong><br \/><strong>Gymi examination (ZAP1-3)<\/strong><br \/><strong>and Matura<\/strong><\/p>\n\u00a0\n\t<a href=\"\/en\/learning-strategies\/\" target=\"_self\"  aria-label=\"Go to \/learning strategies\/\"><\/a>\n\t\t\t\t<img decoding=\"async\" src=\"https:\/\/www.perspectivanova.ch\/wp-content\/uploads\/2021\/10\/bu\u0308cher-final-final.svg\" alt=\"Icon Books\" title=\"book-final-final\" itemprop=\"image\"\/>\n\t\t\t\t<p><strong>Learning Strategies<\/strong><br \/><strong>and Learning Plans<\/strong><\/p>\n\t<a href=\"\/en\/tuition-university\/\" target=\"_self\"  aria-label=\"Go to \/nachhilfe-hochschule\/\"><\/a>\n\t\t\t\t<img decoding=\"async\" src=\"https:\/\/www.perspectivanova.ch\/wp-content\/uploads\/2021\/10\/icon-buch-stift.svg\" alt=\"Icon book with pen\" title=\"icon book pen\" itemprop=\"image\"\/>\n\t\t\t\t<p><strong>Tutoring<\/strong><br \/><strong>University<\/strong><\/p>\n\u00a0\n\t\t\t\t<img decoding=\"async\" src=\"https:\/\/www.perspectivanova.ch\/wp-content\/uploads\/2021\/10\/icon-checkbox-weiss.svg\" alt=\"Icon checkbox white\" title=\"icon-checkbox-white\" itemprop=\"image\"\/>\n\t\t\t\t<p>Discovering the joy of learning and learning success<\/p>\n\t\t\t\t<img decoding=\"async\" src=\"https:\/\/www.perspectivanova.ch\/wp-content\/uploads\/2021\/10\/icon-checkbox-weiss.svg\" alt=\"Icon checkbox white\" title=\"icon-checkbox-white\" itemprop=\"image\"\/>\n\t\t\t\t<p class=\"translation-block\">Achieve goals that are tailored to personal needs<\/p>\n\t\t\t\t<img decoding=\"async\" src=\"https:\/\/www.perspectivanova.ch\/wp-content\/uploads\/2021\/10\/icon-checkbox-weiss.svg\" alt=\"Icon checkbox white\" title=\"icon-checkbox-white\" itemprop=\"image\"\/>\n\t\t\t\t<p>Documented learning progress<\/p>\n\t\t\t\t<img decoding=\"async\" src=\"https:\/\/www.perspectivanova.ch\/wp-content\/uploads\/2021\/10\/icon-checkbox-weiss.svg\" alt=\"Icon checkbox white\" title=\"icon-checkbox-white\" itemprop=\"image\"\/>\n\t\t\t\t<p>Trained and sensitive teachers for all levels and subjects<\/p>","protected":false},"excerpt":{"rendered":"<p>\u00abEin Ziel ist schnell formuliert. Die Schritte dorthin gemeinsam zu planen, sehe ich als meine Aufgabe.\u00bb MARCEL FL\u00dcTSCH Deutsch, Mathematik, Spanisch, Englisch und weitere F\u00e4cher Geografie Nachhilfe in Z\u00fcrich Geografie ist ein Schulfach, das auch unter der\u00a0Bezeichnung\u00a0Erdkunde\u00a0bekannt ist und sich mit dem Aufbau der Erde, mit der Beschaffenheit der Erdoberfl\u00e4che und mit der Wechselwirkung zwischen [&hellip;]<\/p>\n","protected":false},"author":1,"featured_media":0,"parent":0,"menu_order":0,"comment_status":"closed","ping_status":"closed","template":"","meta":{"_acf_changed":false,"_seopress_robots_primary_cat":"","_seopress_titles_title":"Geografie Nachhilfe mit Erfolg I  Perspectiva Nova ","_seopress_titles_desc":"Perspectiva Nova unterst\u00fctzt Ihr Kind mit individuell zugeschnittenem\r\nF\u00f6rder- und Nachhilfeunterricht im Schulfach Geografie, Erdkunde und weiteren Schulf\u00e4chern in Z\u00fcrich und auch virtuell. Von Sekundarstufe bis hin zur Matura, gemeinsam verbessern wir auf Dauer die Noten und verfassen regelm\u00e4ssige Lernberichte f\u00fcr die Eltern!","_seopress_robots_index":"","inline_featured_image":false,"site-sidebar-layout":"default","site-content-layout":"default","ast-site-content-layout":"default","site-content-style":"default","site-sidebar-style":"default","ast-global-header-display":"","ast-banner-title-visibility":"","ast-main-header-display":"","ast-hfb-above-header-display":"","ast-hfb-below-header-display":"","ast-hfb-mobile-header-display":"","site-post-title":"disabled","ast-breadcrumbs-content":"","ast-featured-img":"","footer-sml-layout":"","ast-disable-related-posts":"","theme-transparent-header-meta":"default","adv-header-id-meta":null,"stick-header-meta":"default","header-above-stick-meta":null,"header-main-stick-meta":"","header-below-stick-meta":null,"astra-migrate-meta-layouts":"default","ast-page-background-enabled":"default","ast-page-background-meta":{"desktop":{"background-color":"var(--ast-global-color-4)","background-image":"","background-repeat":"repeat","background-position":"center center","background-size":"auto","background-attachment":"scroll","background-type":"","background-media":"","overlay-type":"","overlay-color":"","overlay-opacity":"","overlay-gradient":""},"tablet":{"background-color":"","background-image":"","background-repeat":"repeat","background-position":"center center","background-size":"auto","background-attachment":"scroll","background-type":"","background-media":"","overlay-type":"","overlay-color":"","overlay-opacity":"","overlay-gradient":""},"mobile":{"background-color":"","background-image":"","background-repeat":"repeat","background-position":"center center","background-size":"auto","background-attachment":"scroll","background-type":"","background-media":"","overlay-type":"","overlay-color":"","overlay-opacity":"","overlay-gradient":""}},"ast-content-background-meta":{"desktop":{"background-color":"var(--ast-global-color-5)","background-image":"","background-repeat":"repeat","background-position":"center center","background-size":"auto","background-attachment":"scroll","background-type":"","background-media":"","overlay-type":"","overlay-color":"","overlay-opacity":"","overlay-gradient":""},"tablet":{"background-color":"var(--ast-global-color-5)","background-image":"","background-repeat":"repeat","background-position":"center center","background-size":"auto","background-attachment":"scroll","background-type":"","background-media":"","overlay-type":"","overlay-color":"","overlay-opacity":"","overlay-gradient":""},"mobile":{"background-color":"var(--ast-global-color-5)","background-image":"","background-repeat":"repeat","background-position":"center center","background-size":"auto","background-attachment":"scroll","background-type":"","background-media":"","overlay-type":"","overlay-color":"","overlay-opacity":"","overlay-gradient":""}},"iawp_total_views":47,"footnotes":""},"class_list":["post-1268","page","type-page","status-publish","hentry"],"acf":[],"_links":{"self":[{"href":"https:\/\/www.perspectivanova.ch\/en\/wp-json\/wp\/v2\/pages\/1268","targetHints":{"allow":["GET"]}}],"collection":[{"href":"https:\/\/www.perspectivanova.ch\/en\/wp-json\/wp\/v2\/pages"}],"about":[{"href":"https:\/\/www.perspectivanova.ch\/en\/wp-json\/wp\/v2\/types\/page"}],"author":[{"embeddable":true,"href":"https:\/\/www.perspectivanova.ch\/en\/wp-json\/wp\/v2\/users\/1"}],"replies":[{"embeddable":true,"href":"https:\/\/www.perspectivanova.ch\/en\/wp-json\/wp\/v2\/comments?post=1268"}],"version-history":[{"count":14,"href":"https:\/\/www.perspectivanova.ch\/en\/wp-json\/wp\/v2\/pages\/1268\/revisions"}],"predecessor-version":[{"id":2064,"href":"https:\/\/www.perspectivanova.ch\/en\/wp-json\/wp\/v2\/pages\/1268\/revisions\/2064"}],"wp:attachment":[{"href":"https:\/\/www.perspectivanova.ch\/en\/wp-json\/wp\/v2\/media?parent=1268"}],"curies":[{"name":"wp","href":"https:\/\/api.w.org\/{rel}","templated":true}]}}