{"id":1264,"date":"2022-02-04T16:07:13","date_gmt":"2022-02-04T15:07:13","guid":{"rendered":"https:\/\/www.perspectivanova.ch\/?page_id=1264"},"modified":"2025-08-29T09:14:12","modified_gmt":"2025-08-29T07:14:12","slug":"history-tutoring","status":"publish","type":"page","link":"https:\/\/www.perspectivanova.ch\/en\/geschichte-nachhilfe\/","title":{"rendered":"History tutoring"},"content":{"rendered":"<p>\"We foster a culture of developing potential in order to strengthen the self-confidence of our students.\"<\/p>\n\t<p><strong>CINDY CASTY<\/strong><\/p>\n<p><a href=\"https:\/\/www.perspectivanova.ch\/en\/german-tutoring\/\">German<\/a>, <a href=\"https:\/\/www.perspectivanova.ch\/en\/biology-tutoring\/\">Natural sciences<\/a>, <a href=\"https:\/\/www.perspectivanova.ch\/en\/english-tutoring\/\">English<\/a>, <a href=\"https:\/\/www.perspectivanova.ch\/en\/mathematics-tutoring\/\">Mathematics<\/a> and other subjects<\/p>\n\t\t\t\t<img decoding=\"async\" src=\"https:\/\/www.perspectivanova.ch\/wp-content\/uploads\/2025\/08\/cindy-casty_transparent-1024x1024.png\" alt=\"cindy casty transparent\" itemprop=\"image\" height=\"1024\" width=\"1024\" title=\"Cindy Casty_transparent\" onerror=\"this.style.display='none'\" loading=\"lazy\" \/>\n\t\t\t<h1>History tutoring<\/h1>\t\t\t\n\t\t\t\t<p>Pupils are not always enthusiastic about the subject of history. With\u00a0<strong>History tutoring<\/strong>\u00a0the understanding and interpretation of historical factual texts and their contexts become clearer, which is why an increasing number of parents are also interested in\u00a0<strong>History tutoring<\/strong>\u00a0decide.<\/p>\n<p>In history lessons, pupils should not only learn the dates of important events and the names of historically significant people, but should also be enabled to analyse and use sources independently and to interpret them. The focus is on the\u00a0<u>textual interpretation of historical events and sources<\/u>. At the same time, as the school year progresses, the subject of history demands that pupils acquire methodological and factual competence in order to document their own analyses of historical sources in writing. Here, we support the homework, but also the\u00a0<strong>Exam preparation<\/strong>\u00a0the tutoring student with qualified and experienced tutors.\u00a0<strong>History tutors<\/strong>.<\/p>\n\t\t\t<h2>History tutoring in Zurich<\/h2>\t\t\t\n\t\t\t\t<p>In the school subject of history, pupils learn about important events in human history from the beginnings to the present and how to analyse them. Not infrequently, history is also a piece of political education at the same time. However, many pupils find it difficult to learn the years and dates of special events from epochs such as antiquity, the Middle Ages and the present. At the same time, the events must be analysed in their respective temporal and political context. If\u00a0<strong>Grades improved in history<\/strong>\u00a0school lessons and homework are often not enough. A qualified\u00a0<strong>History tutoring<\/strong>\u00a0ensures the desired learning success in the long term.<\/p>\n\t\t\t<h2>History tutoring<\/h2>\t\t\t\n\t\t\t\t<p>Once interest is aroused and the tutoring students recognise the interesting and exciting connections of the facts in the tutoring lessons, a bridge is built, because precisely\u00a0<em><u>this interest ensures the necessary learning success<\/u><\/em>. The enthusiasm for the subject of history that is awakened in the support and remedial classes makes learning easier and the pupils can remember the facts, figures and dates more easily. This in turn ensures a\u00a0<em><u>Improvement of grades in the subject history<\/u><\/em>when tests and class tests are written.<\/p>\n\t\t\t<h2>History tutoring - also online<\/h2>\t\t\t\n\t\t\t\t<p>Once interest is aroused and the tutoring students recognise the interesting and exciting connections of the facts in the tutoring lessons, a bridge is built, because precisely\u00a0<em><u>this interest ensures the necessary learning success<\/u><\/em>. The enthusiasm for the subject of history that is awakened in the support and remedial classes makes learning easier and the pupils can remember the facts, figures and dates more easily. This in turn ensures a\u00a0<em><u>Improvement of grades in the subject history<\/u><\/em>when tests and class tests are written.<\/p>\n\t\t\t<h2>History tutoring wanted?<\/h2>\t\t\t\n\t\t\t\t<p>Anyone looking for a\u00a0<em><u>competent and individual tutoring for history<\/u><\/em>\u00a0is, finds with us the qualified\u00a0<strong>History tutoring<\/strong>\u00a0through competent and\u00a0<em><u>qualified tutors and teachers<\/u><\/em>. History lessons from secondary to grammar school level also include topics from the fields of religion, culture and geography. It is about more than just stubbornly memorising dates and facts. It is about understanding the exciting connections and applying them to other events in the same historical context. Especially the\u00a0<strong>History tutoring<\/strong>\u00a0is an important building block to fill the gaps in knowledge and at the same time to get the students excited about the teaching topics.<\/p>\n\t\t\t<h2>History tutoring - private and individual<\/h2>\t\t\t\n\t\t\t\t<p><strong>Looking for tutoring in history?<\/strong>\u00a0Then find out now in a consultation and take advantage of our benefits.\u00a0<em><u>Intensive courses<\/u><\/em>\u00a0During the holidays we offer as well as\u00a0<em><u>Exam and exam preparation courses for the secondary and grammar school level<\/u><\/em>\u00a0in the subject of history. On request we also conduct\u00a0<em><u>Feedback talks with the subject teachers<\/u><\/em>. Via the customer login you always have a\u00a0<em><u>Overview of the current learning progress<\/u><\/em>\u00a0of your child.<\/p>\n<ul>\n<li>Professional support and remedial teaching in history<\/li>\n<li>Individual and group tutoring in Zurich for sustainable learning success<\/li>\n<li>Promotion of subject and methodological competence<\/li>\n<li>History tutoring for all school classes<\/li>\n<li>Professional remedial teaching for exams, homework and class tests<\/li>\n<li>Intensive courses during the holidays<\/li>\n<li>Long-term improvement of history grades<\/li>\n<li>Learning success check for parents with secure login<\/li>\n<li>no risk through free consultation for history tutoring in Zurich<\/li>\n<\/ul>\n\t\t\t<h2>History tutoring in Zurich<\/h2>\t\t\t\n\t\t\t\t<p>Request now free of charge:<\/p>\n<h2>\n\t\t\tWhat our customers say:\t<\/h2>\n\t\t\t\t\t\t\t<h3 class='uabb-testimonial-author-name testimonial-author-name'>Marcel G.<\/h3>\n\t\t\t\t\t\t\tFilled starFilled starFilled starFilled starFilled star\n\t\t\t\t\t\t\t\tGym preparation\t\t\t\t\t\t\t\n\t\t\t\t\t\t<p>\"Competent tutoring service that is good for grammar school preparation, no matter what school subject.\"<\/p>\t\t\t\t\t\n\t\t\t\t\t\t\t<h3 class='uabb-testimonial-author-name testimonial-author-name'>Lena D.<\/h3>\n\t\t\t\t\t\t\tFilled starFilled starFilled starFilled starFilled star\n\t\t\t\t\t\t\t\tindividual tutoring in maths\t\t\t\t\t\t\t\n\t\t\t\t\t\t<p>\"Very nice tutors who take a lot of time and explain everything well.\"<\/p>\t\t\t\t\t\n\t<p>We also teach humanities in other subjects:<\/p>\n<ul>\n<li><a href=\"https:\/\/www.perspectivanova.ch\/en\/geography-tutoring\/\">Geography tutoring<\/a><\/li>\n<\/ul>\n\t<h2>We teach throughout German-speaking Switzerland<\/h2>\n<p>Our trained team of teachers at Perspectiva Nova supports your child with individually tailored remedial and private tuition - right where they feel most comfortable: at home.<\/p>\n\t<a href=\"\/en\/tutoring\/\" target=\"_self\"  aria-label=\"Go to \/tutoring\/\"><\/a>\n\t\t\t\t<img decoding=\"async\" src=\"https:\/\/www.perspectivanova.ch\/wp-content\/uploads\/2021\/10\/icon-rucksack-final.svg\" alt=\"icon backpack\" title=\"icon-backpack-final\" itemprop=\"image\"\/>\n\t\t\t\t<p><strong>Tutoring Elementary and<\/strong><br \/><strong>High School,<\/strong><br \/><strong>Gymnasium \/ Probation Period<\/strong><\/p>\n\u00a0\n\u00a0\n\t<a href=\"\/en\/gymivorbereitung\/\" target=\"_self\"  aria-label=\"Go to \/gymivorbereitung\/\"><\/a>\n\t\t\t\t<img decoding=\"async\" src=\"https:\/\/www.perspectivanova.ch\/wp-content\/uploads\/2021\/10\/icon-block-stift-final.svg\" alt=\"icon block pen\" title=\"icon-block-pen-final\" itemprop=\"image\"\/>\n\t\t\t\t<p><strong>Preparation<\/strong><br \/><strong>Gymi examination (ZAP1-3)<\/strong><br \/><strong>and Matura<\/strong><\/p>\n\u00a0\n\t<a href=\"\/en\/learning-strategies\/\" target=\"_self\"  aria-label=\"Go to \/learning strategies\/\"><\/a>\n\t\t\t\t<img decoding=\"async\" src=\"https:\/\/www.perspectivanova.ch\/wp-content\/uploads\/2021\/10\/bu\u0308cher-final-final.svg\" alt=\"Icon Books\" title=\"book-final-final\" itemprop=\"image\"\/>\n\t\t\t\t<p><strong>Learning Strategies<\/strong><br \/><strong>and Learning Plans<\/strong><\/p>\n\t<a href=\"\/en\/tuition-university\/\" target=\"_self\"  aria-label=\"Go to \/nachhilfe-hochschule\/\"><\/a>\n\t\t\t\t<img decoding=\"async\" src=\"https:\/\/www.perspectivanova.ch\/wp-content\/uploads\/2021\/10\/icon-buch-stift.svg\" alt=\"Icon book with pen\" title=\"icon book pen\" itemprop=\"image\"\/>\n\t\t\t\t<p><strong>Tutoring<\/strong><br \/><strong>University<\/strong><\/p>\n\u00a0\n\t\t\t\t<img decoding=\"async\" src=\"https:\/\/www.perspectivanova.ch\/wp-content\/uploads\/2021\/10\/icon-checkbox-weiss.svg\" alt=\"Icon checkbox white\" title=\"icon-checkbox-white\" itemprop=\"image\"\/>\n\t\t\t\t<p>Discovering the joy of learning and learning success<\/p>\n\t\t\t\t<img decoding=\"async\" src=\"https:\/\/www.perspectivanova.ch\/wp-content\/uploads\/2021\/10\/icon-checkbox-weiss.svg\" alt=\"Icon checkbox white\" title=\"icon-checkbox-white\" itemprop=\"image\"\/>\n\t\t\t\t<p class=\"translation-block\">Achieve goals that are tailored to personal needs<\/p>\n\t\t\t\t<img decoding=\"async\" src=\"https:\/\/www.perspectivanova.ch\/wp-content\/uploads\/2021\/10\/icon-checkbox-weiss.svg\" alt=\"Icon checkbox white\" title=\"icon-checkbox-white\" itemprop=\"image\"\/>\n\t\t\t\t<p>Documented learning progress<\/p>\n\t\t\t\t<img decoding=\"async\" src=\"https:\/\/www.perspectivanova.ch\/wp-content\/uploads\/2021\/10\/icon-checkbox-weiss.svg\" alt=\"Icon checkbox white\" title=\"icon-checkbox-white\" itemprop=\"image\"\/>\n\t\t\t\t<p>Trained and sensitive teachers for all levels and subjects<\/p>","protected":false},"excerpt":{"rendered":"<p>\u00abWir pflegen eine Kultur der Potenzialentfaltung, um das Selbstvertrauen unserer Sch\u00fcler:innen zu st\u00e4rken.\u00bb CINDY CASTY Deutsch, Naturwissenschaften, Englisch, Mathematik und weitere F\u00e4cher Geschichte Nachhilfe Nicht immer k\u00f6nnen sich Sch\u00fclerinnen und Sch\u00fcler f\u00fcr das Fach Geschichte begeistern. Mit\u00a0Nachhilfe in Geschichte\u00a0werden das Verst\u00e4ndnis und die Interpretation von geschichtlichen Sachtexten und deren Zusammenh\u00e4nge deutlicher, weshalb sich auch zunehmend [&hellip;]<\/p>\n","protected":false},"author":1,"featured_media":0,"parent":0,"menu_order":0,"comment_status":"closed","ping_status":"closed","template":"","meta":{"_acf_changed":false,"_seopress_robots_primary_cat":"","_seopress_titles_title":"Geschichte Nachhilfe mit Erfolg I Perspectiva Nova","_seopress_titles_desc":"Perspectiva Nova unterst\u00fctzt Ihr Kind mit individuell zugeschnittenem\r\nF\u00f6rder- und Nachhilfeunterricht im Fach Geschichte in Z\u00fcrich und virtuell. Von Sekundarstufe bis hin zur Matura, gemeinsam verbessern wir auf Dauer die Noten und verfassen regelm\u00e4ssige Lernberichte f\u00fcr die Eltern!","_seopress_robots_index":"","inline_featured_image":false,"site-sidebar-layout":"default","site-content-layout":"default","ast-site-content-layout":"default","site-content-style":"default","site-sidebar-style":"default","ast-global-header-display":"","ast-banner-title-visibility":"","ast-main-header-display":"","ast-hfb-above-header-display":"","ast-hfb-below-header-display":"","ast-hfb-mobile-header-display":"","site-post-title":"disabled","ast-breadcrumbs-content":"","ast-featured-img":"","footer-sml-layout":"","ast-disable-related-posts":"","theme-transparent-header-meta":"default","adv-header-id-meta":null,"stick-header-meta":"default","header-above-stick-meta":null,"header-main-stick-meta":"","header-below-stick-meta":null,"astra-migrate-meta-layouts":"default","ast-page-background-enabled":"default","ast-page-background-meta":{"desktop":{"background-color":"var(--ast-global-color-4)","background-image":"","background-repeat":"repeat","background-position":"center center","background-size":"auto","background-attachment":"scroll","background-type":"","background-media":"","overlay-type":"","overlay-color":"","overlay-opacity":"","overlay-gradient":""},"tablet":{"background-color":"","background-image":"","background-repeat":"repeat","background-position":"center center","background-size":"auto","background-attachment":"scroll","background-type":"","background-media":"","overlay-type":"","overlay-color":"","overlay-opacity":"","overlay-gradient":""},"mobile":{"background-color":"","background-image":"","background-repeat":"repeat","background-position":"center center","background-size":"auto","background-attachment":"scroll","background-type":"","background-media":"","overlay-type":"","overlay-color":"","overlay-opacity":"","overlay-gradient":""}},"ast-content-background-meta":{"desktop":{"background-color":"var(--ast-global-color-5)","background-image":"","background-repeat":"repeat","background-position":"center center","background-size":"auto","background-attachment":"scroll","background-type":"","background-media":"","overlay-type":"","overlay-color":"","overlay-opacity":"","overlay-gradient":""},"tablet":{"background-color":"var(--ast-global-color-5)","background-image":"","background-repeat":"repeat","background-position":"center center","background-size":"auto","background-attachment":"scroll","background-type":"","background-media":"","overlay-type":"","overlay-color":"","overlay-opacity":"","overlay-gradient":""},"mobile":{"background-color":"var(--ast-global-color-5)","background-image":"","background-repeat":"repeat","background-position":"center center","background-size":"auto","background-attachment":"scroll","background-type":"","background-media":"","overlay-type":"","overlay-color":"","overlay-opacity":"","overlay-gradient":""}},"iawp_total_views":83,"footnotes":""},"class_list":["post-1264","page","type-page","status-publish","hentry"],"acf":[],"_links":{"self":[{"href":"https:\/\/www.perspectivanova.ch\/en\/wp-json\/wp\/v2\/pages\/1264","targetHints":{"allow":["GET"]}}],"collection":[{"href":"https:\/\/www.perspectivanova.ch\/en\/wp-json\/wp\/v2\/pages"}],"about":[{"href":"https:\/\/www.perspectivanova.ch\/en\/wp-json\/wp\/v2\/types\/page"}],"author":[{"embeddable":true,"href":"https:\/\/www.perspectivanova.ch\/en\/wp-json\/wp\/v2\/users\/1"}],"replies":[{"embeddable":true,"href":"https:\/\/www.perspectivanova.ch\/en\/wp-json\/wp\/v2\/comments?post=1264"}],"version-history":[{"count":10,"href":"https:\/\/www.perspectivanova.ch\/en\/wp-json\/wp\/v2\/pages\/1264\/revisions"}],"predecessor-version":[{"id":1966,"href":"https:\/\/www.perspectivanova.ch\/en\/wp-json\/wp\/v2\/pages\/1264\/revisions\/1966"}],"wp:attachment":[{"href":"https:\/\/www.perspectivanova.ch\/en\/wp-json\/wp\/v2\/media?parent=1264"}],"curies":[{"name":"wp","href":"https:\/\/api.w.org\/{rel}","templated":true}]}}