{"id":1259,"date":"2022-02-04T15:52:26","date_gmt":"2022-02-04T14:52:26","guid":{"rendered":"https:\/\/www.perspectivanova.ch\/?page_id=1259"},"modified":"2025-08-29T08:49:18","modified_gmt":"2025-08-29T06:49:18","slug":"physics-tutoring","status":"publish","type":"page","link":"https:\/\/www.perspectivanova.ch\/en\/physik-nachhilfe\/","title":{"rendered":"Physics tutoring"},"content":{"rendered":"<p>\"Students go through an individual learning process. This is also how the lessons at Perspectiva Nova are designed: tailored to the needs of the individual personalities.\"<\/p>\n\t<p>LORENZO MELENA<\/p>\n<p><a href=\"https:\/\/www.perspectivanova.ch\/en\/mathematics-tutoring\/\">Mathematics<\/a>, <a href=\"https:\/\/www.perspectivanova.ch\/en\/german-tutoring\/\">German<\/a>, <a href=\"https:\/\/www.perspectivanova.ch\/en\/french-tutoring\/\">French<\/a>, RZG and other subjects<\/p>\n\t\t\t\t<img decoding=\"async\" src=\"https:\/\/www.perspectivanova.ch\/wp-content\/uploads\/2025\/08\/lorenzo-melena_transparent.png\" alt=\"lorenzo melena transparent\" itemprop=\"image\" height=\"1499\" width=\"1499\" title=\"Lorenzo Melena_transparent\" onerror=\"this.style.display='none'\" loading=\"lazy\" \/>\n\t\t\t<h1>Physics tutoring<\/h1>\t\t\t\n\t\t\t\t<p>Physics is one of the school subjects that divides minds. While it is an exciting school and university subject for children and young people who are enthusiastic about natural phenomena and thus about science, for others it is a seemingly unattainable world. Through our experienced teachers\u00a0<strong>Private tuition in physics<\/strong> also inspire those children and young people who do not yet have access to scientific topics, in order to better understand interrelationships and thus also in the future <em><u>better marks<\/u><\/em>\u00a0for tests and examinations as well as exams in physics.<\/p>\n\t\t\t<h2>Understanding and mastering physics topics<\/h2>\t\t\t\n\t\t\t\t<p>Perspectiva Nova offers\u00a0<strong>Physics tutoring in Zurich and surroundings<\/strong> an. In the subject of physics, the focus for our tutors is not only on learning formulas and facts for use in tests and exams, but also on understanding the interrelationships (e.g. in sub-areas such as mechanics, thermics, electricity and optics). Only in this way can the knowledge be permanently stored and students thereby become<\/p>\n\t\t\t<h2>Physics tuition for secondary school, gymnasium and bachelor studies in Zurich<\/h2>\t\t\t\n\t\t\t\t<p>When it comes to physics lessons at secondary and grammar school level, the main topics are based on the areas of <em><u>Mechanics, thermodynamics, optics and electrical engineering<\/u><\/em>. Other topics covered in the\u00a0<strong>Tutoring in Zurich<\/strong> professionally taught in the school and university subject of physics are the alternating current theory, the law of refraction and reflection as well as interference at the grating and at the double slit.<\/p>\n<p>In physics lessons, secondary and grammar school pupils learn about components in electrical engineering such as transistors and diodes and cover the topics of transformation temperature, states of aggregation, efficiency and energy transformation, as well as the topics of propagation of light and movements such as uniform and accelerated movements and circular movements. In all areas, formulas are used in physics. The correct application of the formulas is essential for passing tests and exams. Our qualified <strong>Physics-<\/strong><strong>Tutors<\/strong> teach the subject knowledge in a life-world related way so that pupils are able to apply the correct formulae and perform the calculations correctly.<\/p>\n\t\t\t<h2>Why Physics Tutoring?<\/h2>\t\t\t\n\t\t\t\t<p>Our teacher for the <strong>Physics tutoring in Zurich<\/strong>\u00a0offers many advantages. Through the combination of our didactic methods and the teaching of the learning material, the\u00a0<strong>Support lessons for physics<\/strong> in secondary education and in preparation for the Matura, a support class that also includes the <em><u>efficient learning and working strategies<\/u><\/em>\u00a0mediated. Pupils, but also students, receive didactic support from\u00a0<em><u>competent tutors and private tutors<\/u><\/em>. The <strong>Private lessons in physics<\/strong> are carried out with the inclusion of support for homework, homework assignments, exam preparations and in-depth work. The professional learning strategies help to consolidate knowledge permanently and to achieve better grades in physics in the future. Contexts that were previously incomprehensible are prepared and formulas are applied correctly. During the time when classes are not in session, students in Switzerland can be professionally accompanied by online tutoring via Skype and FaceTime. The learning material is thus taught by remote supervision.<\/p>\n\t\t\t<h2>Costs of physics tutoring and physics tutoring as group lessons<\/h2>\t\t\t\n\t\t\t\t<p>A tuition lesson in physics of 45 minutes costs between CHF 90 and CHF 150. The price per hour depends on the intensity of the tutoring, the level of education and the individual requirements. Physics tutoring in the form of group lessons with classmates, by experienced teachers can be very useful for students. It can help them learn the material better and faster, and the learning process can also be more fun. The cost for physics tutoring in groups of two starts at 70 .- CHF per 45 minutes. For groups of three or more, tuition costs 50 .- CHF per 45 minutes. The intensive workshops of the <strong>Private tuition for Physics in Zurich\u00a0<\/strong>cost CHF 1,200. The workshops comprise ten lessons of 60 \u00e0 minutes. Our\u00a0<strong>Physics lessons<\/strong> in Zurich and the surrounding area is highly recommended due to its private character, as our teaching staff also write a learning report on each student at the end of the month to show learning progress and weaknesses as well as further work on the material.<\/p>\n\t\t\t<h2>Physics tutoring in Zurich Arrange<\/h2>\t\t\t\n\t\t\t\t<p>Request now free of charge:<\/p>\n<h2>\n\t\t\tWhat our customers say:\t<\/h2>\n\t\t\t\t\t\t\t<h3 class='uabb-testimonial-author-name testimonial-author-name'>Marcel G.<\/h3>\n\t\t\t\t\t\t\tFilled starFilled starFilled starFilled starFilled star\n\t\t\t\t\t\t\t\tGym preparation\t\t\t\t\t\t\t\n\t\t\t\t\t\t<p>\"Competent tutoring service that is good for grammar school preparation, no matter what school subject.\"<\/p>\t\t\t\t\t\n\t\t\t\t\t\t\t<h3 class='uabb-testimonial-author-name testimonial-author-name'>Lena D.<\/h3>\n\t\t\t\t\t\t\tFilled starFilled starFilled starFilled starFilled star\n\t\t\t\t\t\t\t\tindividual tutoring in maths\t\t\t\t\t\t\t\n\t\t\t\t\t\t<p>\"Very nice tutors who take a lot of time and explain everything well.\"<\/p>\t\t\t\t\t\n\t<p>We also teach science in other subjects:<\/p>\n<ul>\n<li><a href=\"https:\/\/www.perspectivanova.ch\/en\/biology-tutoring\/\">Biology tutoring<\/a><\/li>\n<li><a href=\"https:\/\/www.perspectivanova.ch\/en\/chemistry-tutoring\/\">Chemistry tutoring<\/a><\/li>\n<li><a href=\"https:\/\/www.perspectivanova.ch\/en\/mathematics-tutoring\/\">Mathematics tutoring<\/a><\/li>\n<\/ul>\n\t<h2>We teach throughout German-speaking Switzerland<\/h2>\n<p>Our trained team of teachers at Perspectiva Nova supports your child with individually tailored remedial and private tuition - right where they feel most comfortable: at home.<\/p>\n\t<a href=\"\/en\/tutoring\/\" target=\"_self\"  aria-label=\"Go to \/tutoring\/\"><\/a>\n\t\t\t\t<img decoding=\"async\" src=\"https:\/\/www.perspectivanova.ch\/wp-content\/uploads\/2021\/10\/icon-rucksack-final.svg\" alt=\"icon backpack\" title=\"icon-backpack-final\" itemprop=\"image\"\/>\n\t\t\t\t<p><strong>Tutoring Elementary and<\/strong><br \/><strong>High School,<\/strong><br \/><strong>Gymnasium \/ Probation Period<\/strong><\/p>\n\u00a0\n\u00a0\n\t<a href=\"\/en\/gymivorbereitung\/\" target=\"_self\"  aria-label=\"Go to \/gymivorbereitung\/\"><\/a>\n\t\t\t\t<img decoding=\"async\" src=\"https:\/\/www.perspectivanova.ch\/wp-content\/uploads\/2021\/10\/icon-block-stift-final.svg\" alt=\"icon block pen\" title=\"icon-block-pen-final\" itemprop=\"image\"\/>\n\t\t\t\t<p><strong>Preparation<\/strong><br \/><strong>Gymi examination (ZAP1-3)<\/strong><br \/><strong>and Matura<\/strong><\/p>\n\u00a0\n\t<a href=\"\/en\/learning-strategies\/\" target=\"_self\"  aria-label=\"Go to \/learning strategies\/\"><\/a>\n\t\t\t\t<img decoding=\"async\" src=\"https:\/\/www.perspectivanova.ch\/wp-content\/uploads\/2021\/10\/bu\u0308cher-final-final.svg\" alt=\"Icon Books\" title=\"book-final-final\" itemprop=\"image\"\/>\n\t\t\t\t<p><strong>Learning Strategies<\/strong><br \/><strong>and Learning Plans<\/strong><\/p>\n\t<a href=\"\/en\/tuition-university\/\" target=\"_self\"  aria-label=\"Go to \/nachhilfe-hochschule\/\"><\/a>\n\t\t\t\t<img decoding=\"async\" src=\"https:\/\/www.perspectivanova.ch\/wp-content\/uploads\/2021\/10\/icon-buch-stift.svg\" alt=\"Icon book with pen\" title=\"icon book pen\" itemprop=\"image\"\/>\n\t\t\t\t<p><strong>Tutoring<\/strong><br \/><strong>University<\/strong><\/p>\n\u00a0\n\t\t\t\t<img decoding=\"async\" src=\"https:\/\/www.perspectivanova.ch\/wp-content\/uploads\/2021\/10\/icon-checkbox-weiss.svg\" alt=\"Icon checkbox white\" title=\"icon-checkbox-white\" itemprop=\"image\"\/>\n\t\t\t\t<p>Discovering the joy of learning and learning success<\/p>\n\t\t\t\t<img decoding=\"async\" src=\"https:\/\/www.perspectivanova.ch\/wp-content\/uploads\/2021\/10\/icon-checkbox-weiss.svg\" alt=\"Icon checkbox white\" title=\"icon-checkbox-white\" itemprop=\"image\"\/>\n\t\t\t\t<p class=\"translation-block\">Achieve goals that are tailored to personal needs<\/p>\n\t\t\t\t<img decoding=\"async\" src=\"https:\/\/www.perspectivanova.ch\/wp-content\/uploads\/2021\/10\/icon-checkbox-weiss.svg\" alt=\"Icon checkbox white\" title=\"icon-checkbox-white\" itemprop=\"image\"\/>\n\t\t\t\t<p>Documented learning progress<\/p>\n\t\t\t\t<img decoding=\"async\" src=\"https:\/\/www.perspectivanova.ch\/wp-content\/uploads\/2021\/10\/icon-checkbox-weiss.svg\" alt=\"Icon checkbox white\" title=\"icon-checkbox-white\" itemprop=\"image\"\/>\n\t\t\t\t<p>Trained and sensitive teachers for all levels and subjects<\/p>","protected":false},"excerpt":{"rendered":"<p>\u00abSch\u00fcler:innen durchlaufen einen individuellen Lernprozess. So ist auch der Unterricht bei Perspectiva Nova gestaltet: auf die Bed\u00fcrfnisse der einzelnen Pers\u00f6nlichkeiten zugeschnitten.\u00bb LORENZO MELENA Mathematik, Deutsch, Franz\u00f6sisch, RZG und weitere F\u00e4cher Physik Nachhilfe Physik ist eines der Schulf\u00e4cher, das die Gem\u00fcter spaltet. W\u00e4hrend es f\u00fcr Kinder und Jugendliche, die sich f\u00fcr Naturerscheinungen und damit f\u00fcr Naturwissenschaften [&hellip;]<\/p>\n","protected":false},"author":1,"featured_media":0,"parent":0,"menu_order":0,"comment_status":"closed","ping_status":"closed","template":"","meta":{"_acf_changed":false,"_seopress_robots_primary_cat":"","_seopress_titles_title":"Physik Nachhilfe mit Erfolg I Perspectiva Nova ","_seopress_titles_desc":"Perspectiva Nova unterst\u00fctzt mit individueller Nachhilfe in Physik f\u00fcr den Lernerfolg. Von der Sekundarstufe bis hin zur Matura, wir l\u00f6sen Unklarheiten und f\u00f6rdern die Sch\u00fcler individuell und optimal f\u00fcr dauerhaft besseren Noten mit unserer Physik Nachhilfe in Z\u00fcrich.","_seopress_robots_index":"","inline_featured_image":false,"site-sidebar-layout":"default","site-content-layout":"default","ast-site-content-layout":"default","site-content-style":"default","site-sidebar-style":"default","ast-global-header-display":"","ast-banner-title-visibility":"","ast-main-header-display":"","ast-hfb-above-header-display":"","ast-hfb-below-header-display":"","ast-hfb-mobile-header-display":"","site-post-title":"disabled","ast-breadcrumbs-content":"","ast-featured-img":"","footer-sml-layout":"","ast-disable-related-posts":"","theme-transparent-header-meta":"default","adv-header-id-meta":null,"stick-header-meta":"default","header-above-stick-meta":null,"header-main-stick-meta":"","header-below-stick-meta":null,"astra-migrate-meta-layouts":"default","ast-page-background-enabled":"default","ast-page-background-meta":{"desktop":{"background-color":"var(--ast-global-color-4)","background-image":"","background-repeat":"repeat","background-position":"center center","background-size":"auto","background-attachment":"scroll","background-type":"","background-media":"","overlay-type":"","overlay-color":"","overlay-opacity":"","overlay-gradient":""},"tablet":{"background-color":"","background-image":"","background-repeat":"repeat","background-position":"center center","background-size":"auto","background-attachment":"scroll","background-type":"","background-media":"","overlay-type":"","overlay-color":"","overlay-opacity":"","overlay-gradient":""},"mobile":{"background-color":"","background-image":"","background-repeat":"repeat","background-position":"center center","background-size":"auto","background-attachment":"scroll","background-type":"","background-media":"","overlay-type":"","overlay-color":"","overlay-opacity":"","overlay-gradient":""}},"ast-content-background-meta":{"desktop":{"background-color":"var(--ast-global-color-5)","background-image":"","background-repeat":"repeat","background-position":"center center","background-size":"auto","background-attachment":"scroll","background-type":"","background-media":"","overlay-type":"","overlay-color":"","overlay-opacity":"","overlay-gradient":""},"tablet":{"background-color":"var(--ast-global-color-5)","background-image":"","background-repeat":"repeat","background-position":"center center","background-size":"auto","background-attachment":"scroll","background-type":"","background-media":"","overlay-type":"","overlay-color":"","overlay-opacity":"","overlay-gradient":""},"mobile":{"background-color":"var(--ast-global-color-5)","background-image":"","background-repeat":"repeat","background-position":"center center","background-size":"auto","background-attachment":"scroll","background-type":"","background-media":"","overlay-type":"","overlay-color":"","overlay-opacity":"","overlay-gradient":""}},"iawp_total_views":279,"footnotes":""},"class_list":["post-1259","page","type-page","status-publish","hentry"],"acf":[],"_links":{"self":[{"href":"https:\/\/www.perspectivanova.ch\/en\/wp-json\/wp\/v2\/pages\/1259","targetHints":{"allow":["GET"]}}],"collection":[{"href":"https:\/\/www.perspectivanova.ch\/en\/wp-json\/wp\/v2\/pages"}],"about":[{"href":"https:\/\/www.perspectivanova.ch\/en\/wp-json\/wp\/v2\/types\/page"}],"author":[{"embeddable":true,"href":"https:\/\/www.perspectivanova.ch\/en\/wp-json\/wp\/v2\/users\/1"}],"replies":[{"embeddable":true,"href":"https:\/\/www.perspectivanova.ch\/en\/wp-json\/wp\/v2\/comments?post=1259"}],"version-history":[{"count":15,"href":"https:\/\/www.perspectivanova.ch\/en\/wp-json\/wp\/v2\/pages\/1259\/revisions"}],"predecessor-version":[{"id":2890,"href":"https:\/\/www.perspectivanova.ch\/en\/wp-json\/wp\/v2\/pages\/1259\/revisions\/2890"}],"wp:attachment":[{"href":"https:\/\/www.perspectivanova.ch\/en\/wp-json\/wp\/v2\/media?parent=1259"}],"curies":[{"name":"wp","href":"https:\/\/api.w.org\/{rel}","templated":true}]}}