{"id":1254,"date":"2022-02-04T15:46:39","date_gmt":"2022-02-04T14:46:39","guid":{"rendered":"https:\/\/www.perspectivanova.ch\/?page_id=1254"},"modified":"2025-08-29T08:33:47","modified_gmt":"2025-08-29T06:33:47","slug":"biology-tutoring","status":"publish","type":"page","link":"https:\/\/www.perspectivanova.ch\/en\/biologie-nachhilfe\/","title":{"rendered":"Biology tutoring"},"content":{"rendered":"<p>\"Self-confidence and fun are the foundations for success.\"<\/p>\n\t<p>ANTJE PF\u00dcLLER,<\/p>\n<a href=\"https:\/\/www.perspectivanova.ch\/en\/mathematics-tutoring\/\">Mathematics<\/a>, <a href=\"https:\/\/www.perspectivanova.ch\/en\/german-tutoring\/\">German, <\/a><a href=\"https:\/\/www.perspectivanova.ch\/en\/english-tutoring\/\">English<\/a> and other subjects<strong><br \/>\n<\/strong>\n\t\t\t\t<img decoding=\"async\" src=\"https:\/\/www.perspectivanova.ch\/wp-content\/uploads\/2025\/08\/antje-pfueller_transparent-1024x1024.png\" alt=\"antje pf\u00fcller transparent\" itemprop=\"image\" height=\"1024\" width=\"1024\" title=\"Antje Pf\u00fcller_transparent\" onerror=\"this.style.display='none'\" loading=\"lazy\" \/>\n\t\t\t<h1>Biology tutoring<\/h1>\t\t\t\n\t\t\t\t<p>Perspectiva Nova offers\u00a0<strong>qualified tutoring for Biology in Zurich<\/strong>\u00a0in the form of individual support and remedial teaching.<\/p>\n<p>Biology is one of the more difficult science subjects for many students, strongly due to the mass of information that often has to be learned or memorised here in a relatively short time. In addition, there is the understanding and application of contexts of this flood of information. During their time at school, pupils learn about subjects such as botany, zoology, genetics, developmental biology, physiology, ecology, evolutionary biology, behavioural biology and others.<\/p>\n\t\t\t<h2>Professional Biology tutors in Zurich<\/h2>\t\t\t\n\t\t\t\t<p>To achieve very good grades in biology, the subject matter must not only be absorbed, but also understood. This is often neglected in regular school lessons. Qualified and experienced biology tutors in Zurich from Perspectiva Nova start here and adjust to the individual needs and weaknesses of the tutoring student. In this way, knowledge can be used routinely and purposefully as well as successfully in tests and class tests. Our tutors and <strong>Biology tutors and teachers <\/strong>impart the necessary knowledge in individual lessons, also at home with the tutoring students. Find out about biology tutoring online now. The best way to contact us is via the contact form.<\/p>\n\t\t\t<h2>Competent tutoring in Biology<\/h2>\t\t\t\n\t\t\t\t<p>Whereas school lessons often focus primarily on the\u00a0<em><u>Gaining knowledge through experiments<\/u><\/em>\u00a0and observations are promoted and knowledge is thus built up, the\u00a0<strong>Biology tutoring up to the Matura<\/strong>\u00a0understanding and applying knowledge to questions and tasks. At the same time, pupils receive through the\u00a0<strong>competent tutoring in biology<\/strong>\u00a0the necessary tools to document observations and findings in the form of texts, sketches, tables and diagrams.<\/p>\n<p>Another area in science subjects such as biology is the interpretation of the results and data collected. Our\u00a0<strong>Biology tutoring in Switzerland<\/strong>\u00a0supports, through appropriate didactic methods, the students' ability to draw conclusions based on the collected results from experiments and observations, to understand theories and to apply the knowledge to further results and observations and to document it in writing.<\/p>\n\t\t\t<h2>Looking for tutoring in Biology?<\/h2>\t\t\t\n\t\t\t\t<p>Biology tutoring lays the foundation for learning success by getting students excited about the subject. Enthusiasm and interest in the tutoring students ensure that they find fun in learning and in dealing with the problems and questions. Pupils who enjoy learning will in the long run improve their performance in the subject of biology.\u00a0<strong>Optimise grades step by step with biology tutoring from secondary school to A-levels<\/strong>.<\/p>\n\t\t\t<h2>Biology tutoring in Zurich<\/h2>\t\t\t\n\t\t\t\t<p>Parents as well as learners benefit from the\u00a0<strong>Biology tutoring in Zurich<\/strong>\u00a0of many benefits and services. The\u00a0<em><u>Individual tuition at home<\/u><\/em>\u00a0is our hobbyhorse. This way, students can test bio tutoring without any risk. The counselling session also helps in the decision-making process and shows the extent to which bio tutoring is needed in order to\u00a0<em><u>Improve grades permanently and in the long term<\/u><\/em>.<\/p>\n<p>Through the client login, the parents of the tutoring students always have a\u00a0<em><u>Overview of learning progress<\/u><\/em>\u00a0of the child. At the end of each month, parents also receive a\u00a0<em><u>Feedback by the tutor or tutoress<\/u><\/em>. Furthermore included in the\u00a0<strong>Biology tutoring<\/strong>\u00a0appropriate teaching materials and, if desired, a feedback discussion with the teacher as well as with the management.<\/p>\n\t\t\t<h2>Biology tutoring in Zurich<\/h2>\t\t\t\n\t\t\t\t<p>Request now free of charge:<\/p>\n<h2>\n\t\t\tWhat our customers say:\t<\/h2>\n\t\t\t\t\t\t\t<h3 class='uabb-testimonial-author-name testimonial-author-name'>Marcel G.<\/h3>\n\t\t\t\t\t\t\tFilled starFilled starFilled starFilled starFilled star\n\t\t\t\t\t\t\t\tGym preparation\t\t\t\t\t\t\t\n\t\t\t\t\t\t<p>\"Competent tutoring service that is good for grammar school preparation, no matter what school subject.\"<\/p>\t\t\t\t\t\n\t\t\t\t\t\t\t<h3 class='uabb-testimonial-author-name testimonial-author-name'>Lena D.<\/h3>\n\t\t\t\t\t\t\tFilled starFilled starFilled starFilled starFilled star\n\t\t\t\t\t\t\t\tindividual tutoring in maths\t\t\t\t\t\t\t\n\t\t\t\t\t\t<p>\"Very nice tutors who take a lot of time and explain everything well.\"<\/p>\t\t\t\t\t\n\t<p>We also teach science in other subjects:<\/p>\n<ul>\n<li><a href=\"https:\/\/www.perspectivanova.ch\/en\/physics-tutoring\/\">Physics tutoring<\/a><\/li>\n<li><a href=\"https:\/\/www.perspectivanova.ch\/en\/chemistry-tutoring\/\">Chemistry tutoring<\/a><\/li>\n<li><a href=\"https:\/\/www.perspectivanova.ch\/en\/mathematics-tutoring\/\">Mathematics tutoring<\/a><\/li>\n<\/ul>\n\t<h2>We teach throughout German-speaking Switzerland<\/h2>\n<p>Our trained team of teachers at Perspectiva Nova supports your child with individually tailored remedial and private tuition - right where they feel most comfortable: at home.<\/p>\n\t<a href=\"\/en\/tutoring\/\" target=\"_self\"  aria-label=\"Go to \/tutoring\/\"><\/a>\n\t\t\t\t<img decoding=\"async\" src=\"https:\/\/www.perspectivanova.ch\/wp-content\/uploads\/2021\/10\/icon-rucksack-final.svg\" alt=\"icon backpack\" title=\"icon-backpack-final\" itemprop=\"image\"\/>\n\t\t\t\t<p><strong>Tutoring Elementary and<\/strong><br \/><strong>High School,<\/strong><br \/><strong>Gymnasium \/ Probation Period<\/strong><\/p>\n\u00a0\n\u00a0\n\t<a href=\"\/en\/gymivorbereitung\/\" target=\"_self\"  aria-label=\"Go to \/gymivorbereitung\/\"><\/a>\n\t\t\t\t<img decoding=\"async\" src=\"https:\/\/www.perspectivanova.ch\/wp-content\/uploads\/2021\/10\/icon-block-stift-final.svg\" alt=\"icon block pen\" title=\"icon-block-pen-final\" itemprop=\"image\"\/>\n\t\t\t\t<p><strong>Preparation<\/strong><br \/><strong>Gymi examination (ZAP1-3)<\/strong><br \/><strong>and Matura<\/strong><\/p>\n\u00a0\n\t<a href=\"\/en\/learning-strategies\/\" target=\"_self\"  aria-label=\"Go to \/learning strategies\/\"><\/a>\n\t\t\t\t<img decoding=\"async\" src=\"https:\/\/www.perspectivanova.ch\/wp-content\/uploads\/2021\/10\/bu\u0308cher-final-final.svg\" alt=\"Icon Books\" title=\"book-final-final\" itemprop=\"image\"\/>\n\t\t\t\t<p><strong>Learning Strategies<\/strong><br \/><strong>and Learning Plans<\/strong><\/p>\n\t<a href=\"\/en\/tuition-university\/\" target=\"_self\"  aria-label=\"Go to \/nachhilfe-hochschule\/\"><\/a>\n\t\t\t\t<img decoding=\"async\" src=\"https:\/\/www.perspectivanova.ch\/wp-content\/uploads\/2021\/10\/icon-buch-stift.svg\" alt=\"Icon book with pen\" title=\"icon book pen\" itemprop=\"image\"\/>\n\t\t\t\t<p><strong>Tutoring<\/strong><br \/><strong>University<\/strong><\/p>\n\u00a0\n\t\t\t\t<img decoding=\"async\" src=\"https:\/\/www.perspectivanova.ch\/wp-content\/uploads\/2021\/10\/icon-checkbox-weiss.svg\" alt=\"Icon checkbox white\" title=\"icon-checkbox-white\" itemprop=\"image\"\/>\n\t\t\t\t<p>Discovering the joy of learning and learning success<\/p>\n\t\t\t\t<img decoding=\"async\" src=\"https:\/\/www.perspectivanova.ch\/wp-content\/uploads\/2021\/10\/icon-checkbox-weiss.svg\" alt=\"Icon checkbox white\" title=\"icon-checkbox-white\" itemprop=\"image\"\/>\n\t\t\t\t<p class=\"translation-block\">Achieve goals that are tailored to personal needs<\/p>\n\t\t\t\t<img decoding=\"async\" src=\"https:\/\/www.perspectivanova.ch\/wp-content\/uploads\/2021\/10\/icon-checkbox-weiss.svg\" alt=\"Icon checkbox white\" title=\"icon-checkbox-white\" itemprop=\"image\"\/>\n\t\t\t\t<p>Documented learning progress<\/p>\n\t\t\t\t<img decoding=\"async\" src=\"https:\/\/www.perspectivanova.ch\/wp-content\/uploads\/2021\/10\/icon-checkbox-weiss.svg\" alt=\"Icon checkbox white\" title=\"icon-checkbox-white\" itemprop=\"image\"\/>\n\t\t\t\t<p>Trained and sensitive teachers for all levels and subjects<\/p>","protected":false},"excerpt":{"rendered":"<p>\u00abSelbsvertrauen und Spass sind die Grundlagen f\u00fcr Erfolg.\u00bb ANTJE PF\u00dcLLER, Mathematik, Deutsch, Englisch und weitere F\u00e4cher Biologie Nachhilfe Perspectiva Nova bietet\u00a0qualifizierte Nachhilfe f\u00fcr Biologie in Z\u00fcrich\u00a0in Form eines individuellen St\u00fctz- und F\u00f6rderunterrichts. Biologie geh\u00f6rt f\u00fcr viele Sch\u00fclerinnen und Sch\u00fcler zu den schwierigeren naturwissenschaftlichen F\u00e4chern, stark bedingt durch die Masse an Informationen, die hier oft in [&hellip;]<\/p>\n","protected":false},"author":1,"featured_media":0,"parent":0,"menu_order":0,"comment_status":"closed","ping_status":"closed","template":"","meta":{"_acf_changed":false,"_seopress_robots_primary_cat":"","_seopress_titles_title":"Biologie Nachhilfe I Perspectiva Nova ","_seopress_titles_desc":"Perspectiva Nova unterst\u00fctzt mit individueller Biologie Nachhilfe in Z\u00fcrich und virtuell Ihr Kind optimal. Von Sekundarstufe bis hin zur Matura, gemeinsam optimieren wir auf Dauer die Noten und verfassen regelm\u00e4ssige Lernberichte!","_seopress_robots_index":"","inline_featured_image":false,"site-sidebar-layout":"default","site-content-layout":"default","ast-site-content-layout":"default","site-content-style":"default","site-sidebar-style":"default","ast-global-header-display":"","ast-banner-title-visibility":"","ast-main-header-display":"","ast-hfb-above-header-display":"","ast-hfb-below-header-display":"","ast-hfb-mobile-header-display":"","site-post-title":"disabled","ast-breadcrumbs-content":"","ast-featured-img":"","footer-sml-layout":"","ast-disable-related-posts":"","theme-transparent-header-meta":"default","adv-header-id-meta":null,"stick-header-meta":"default","header-above-stick-meta":null,"header-main-stick-meta":"","header-below-stick-meta":null,"astra-migrate-meta-layouts":"default","ast-page-background-enabled":"default","ast-page-background-meta":{"desktop":{"background-color":"var(--ast-global-color-4)","background-image":"","background-repeat":"repeat","background-position":"center center","background-size":"auto","background-attachment":"scroll","background-type":"","background-media":"","overlay-type":"","overlay-color":"","overlay-opacity":"","overlay-gradient":""},"tablet":{"background-color":"","background-image":"","background-repeat":"repeat","background-position":"center center","background-size":"auto","background-attachment":"scroll","background-type":"","background-media":"","overlay-type":"","overlay-color":"","overlay-opacity":"","overlay-gradient":""},"mobile":{"background-color":"","background-image":"","background-repeat":"repeat","background-position":"center center","background-size":"auto","background-attachment":"scroll","background-type":"","background-media":"","overlay-type":"","overlay-color":"","overlay-opacity":"","overlay-gradient":""}},"ast-content-background-meta":{"desktop":{"background-color":"var(--ast-global-color-5)","background-image":"","background-repeat":"repeat","background-position":"center center","background-size":"auto","background-attachment":"scroll","background-type":"","background-media":"","overlay-type":"","overlay-color":"","overlay-opacity":"","overlay-gradient":""},"tablet":{"background-color":"var(--ast-global-color-5)","background-image":"","background-repeat":"repeat","background-position":"center center","background-size":"auto","background-attachment":"scroll","background-type":"","background-media":"","overlay-type":"","overlay-color":"","overlay-opacity":"","overlay-gradient":""},"mobile":{"background-color":"var(--ast-global-color-5)","background-image":"","background-repeat":"repeat","background-position":"center center","background-size":"auto","background-attachment":"scroll","background-type":"","background-media":"","overlay-type":"","overlay-color":"","overlay-opacity":"","overlay-gradient":""}},"iawp_total_views":186,"footnotes":""},"class_list":["post-1254","page","type-page","status-publish","hentry"],"acf":[],"_links":{"self":[{"href":"https:\/\/www.perspectivanova.ch\/en\/wp-json\/wp\/v2\/pages\/1254","targetHints":{"allow":["GET"]}}],"collection":[{"href":"https:\/\/www.perspectivanova.ch\/en\/wp-json\/wp\/v2\/pages"}],"about":[{"href":"https:\/\/www.perspectivanova.ch\/en\/wp-json\/wp\/v2\/types\/page"}],"author":[{"embeddable":true,"href":"https:\/\/www.perspectivanova.ch\/en\/wp-json\/wp\/v2\/users\/1"}],"replies":[{"embeddable":true,"href":"https:\/\/www.perspectivanova.ch\/en\/wp-json\/wp\/v2\/comments?post=1254"}],"version-history":[{"count":12,"href":"https:\/\/www.perspectivanova.ch\/en\/wp-json\/wp\/v2\/pages\/1254\/revisions"}],"predecessor-version":[{"id":2376,"href":"https:\/\/www.perspectivanova.ch\/en\/wp-json\/wp\/v2\/pages\/1254\/revisions\/2376"}],"wp:attachment":[{"href":"https:\/\/www.perspectivanova.ch\/en\/wp-json\/wp\/v2\/media?parent=1254"}],"curies":[{"name":"wp","href":"https:\/\/api.w.org\/{rel}","templated":true}]}}