{"id":1249,"date":"2022-02-04T15:31:14","date_gmt":"2022-02-04T14:31:14","guid":{"rendered":"https:\/\/www.perspectivanova.ch\/?page_id=1249"},"modified":"2025-08-29T09:14:43","modified_gmt":"2025-08-29T07:14:43","slug":"chemistry-tutoring","status":"publish","type":"page","link":"https:\/\/www.perspectivanova.ch\/en\/chemie-nachhilfe\/","title":{"rendered":"Chemistry tutoring"},"content":{"rendered":"<p>\"We foster a culture of developing potential in order to strengthen the self-confidence of our students.\"<\/p>\n\t<p><strong>CINDY CASTY<\/strong><\/p>\n<p><a href=\"https:\/\/www.perspectivanova.ch\/en\/german-tutoring\/\">German<\/a>, <a href=\"https:\/\/www.perspectivanova.ch\/en\/biology-tutoring\/\">Natural sciences<\/a>, <a href=\"https:\/\/www.perspectivanova.ch\/en\/english-tutoring\/\">English<\/a>, <a href=\"https:\/\/www.perspectivanova.ch\/en\/mathematics-tutoring\/\">Mathematics<\/a> and other subjects<\/p>\n\t\t\t\t<img decoding=\"async\" src=\"https:\/\/www.perspectivanova.ch\/wp-content\/uploads\/2025\/08\/cindy-casty_transparent-1024x1024.png\" alt=\"cindy casty transparent\" itemprop=\"image\" height=\"1024\" width=\"1024\" title=\"Cindy Casty_transparent\" onerror=\"this.style.display='none'\" loading=\"lazy\" \/>\n\t\t\t<h1>Chemistry tutoring in Zurich<\/h1>\t\t\t\n<p>For many students, chemistry as a school subject is a challenge. With\u00a0<strong>Chemistry tutoring<\/strong>\u00a0connections become clearer. An improvement in grades in tests and exams is usually the result. Particularly in school lessons, there is often not enough time for the individual teaching of the relevant skills and abilities and at the same time there is not enough time to deal with the comprehension problems of individual pupils.<\/p>\n<p>In chemistry, pupils learn about the relationships between substances and reactions. An essential part of the lessons is also carrying out experiments. Observations and results are documented. Based on the results, pupils are expected to form theories or recognise theories.<\/p>\n\t\t\t<h2>Understanding chemistry made easy<\/h2>\t\t\t\n\t\t\t\t<p>Lessons at school are not always sufficient to understand the process descriptions. That is why our\u00a0<strong>Chemistry tutoring in Zurich<\/strong> the pupils, under the guidance of qualified tutors, the processes and interrelationships step by step and in a vivid way. For many pupils, the correlations and findings from chemical experiments do not open up. The <strong>Chemistry tutoring in Zurich <\/strong>provides the basics and the knowledge needed to <em><u>Permanently improve grades in tests and exams in chemistry<\/u><\/em>. Whether unanswered questions about the periodic table or the structure of atoms; in individual lessons (one-to-one tuition), all unanswered questions and ambiguities are resolved in a very simple and understandable way.<\/p>\n\t\t\t<h2>Chemistry tutoring for all school levels in Switzerland<\/h2>\t\t\t\n\t\t\t\t<p>Many students need more support in the areas of organic and inorganic chemistry. Thereby, the school subject does not trigger much enthusiasm among most learners who show little affinity for natural sciences. Accordingly, many pupils find it difficult to understand the interrelationships in chemistry and biochemistry correctly. Over time, without the right learning coaching and support, large gaps in knowledge can form. It is precisely these gaps that in turn lead to poor grades in chemistry. The <strong>Individual support and remedial teaching in chemistry<\/strong>which our\u00a0<strong>Tutoring in Zurich and the surrounding area<\/strong> helps to ensure that gaps in knowledge are filled, connections in chemistry are understood and grades are permanently improved. We directly address your child's individual needs and provide the appropriate support. From secondary school, to high school and even during bachelor studies, we offer tutoring in chemistry for students - no matter what year or school level.<\/p>\n\t\t\t<h2>Searched for professional chemistry tutoring, found it in Zurich!<\/h2>\t\t\t\n\t\t\t\t<p>Our\u00a0<strong>Chemistry tutors and teachers in Zurich\u00a0<\/strong>are happy to offer comprehensive and professional tutoring services for pupils and students. In individual tuition, a maximum of two people from the same school level are taught together in the subject of chemistry. The lessons are given by <em><u>experienced and competent private tutors<\/u><\/em>. In addition, the students are provided with teaching materials in the subject of chemistry to prepare and consolidate what they have learned. Among other things, the personal counselling interview helps to see whether our<strong>\u00a0Chemistry tutors and teachers in Switzerland<\/strong> meet their own needs. Our <strong>Chemistry<\/strong> <strong>Private lessons<\/strong> offers the possibility for parents to set up a personal customer login profile, through which the respective learning progress of the children can be viewed and tracked. At the beginning of the following month, there is always feedback from the tutoring institute and, if desired, there is also feedback from the subject teacher or class teacher.<\/p>\n\t\t\t<h2>Costs for tutoring in chemistry<\/h2>\t\t\t\n\t\t\t\t<p>The\u00a0<em><u>Costs for assistance in chemistry<\/u><\/em> The fees for a 45-minute lesson range from CHF 90 to CHF 150. The amount of the costs depends on the level of education and the necessary requirements of the learners for the selected support and remedial lessons. Intensive workshops in chemistry cost 1'200 .- CHF and include ten lessons of 60 minutes each. The costs for chemistry tutoring in groups of two start at 70 .- CHF per 45 minutes. For groups of three or more, lessons cost 50 .- CHF per 45 minutes. Our tutors in Zurich offer the possibility of virtual tutoring in the form of online tutoring. This means that tutoring can take place from anywhere and students can take part in chemistry tutoring from the comfort of their own home. Our <strong>Chemistry lessons<\/strong> in Zurich and the surrounding area is highly recommended due to its private character, as our team of teachers also write a learning report on each student at the end of the month to show learning progress and weaknesses as well as further work on the material.<\/p>\n\t\t\t<h2>Professional chemistry tutoring and support in Zurich<\/h2>\t\t\t\n\t\t\t\t<p>Request now free of charge:<\/p>\n<h2>\n\t\t\tWhat our customers say:\t<\/h2>\n\t\t\t\t\t\t\t<b>Marcel G.<\/b>\n\t\t\t\t\t\t\tFilled starFilled starFilled starFilled starFilled star\n\t\t\t\t\t\t\t\tGym preparation\t\t\t\t\t\t\t\n\t\t\t\t\t\t<p>\"Competent tutoring service that is good for grammar school preparation, no matter what school subject.\"<\/p>\t\t\t\t\t\n\t\t\t\t\t\t\t<b>Lena D. <\/b>\n\t\t\t\t\t\t\tFilled starFilled starFilled starFilled starFilled star\n\t\t\t\t\t\t\t\tindividual tutoring in maths\t\t\t\t\t\t\t\n\t\t\t\t\t\t<p>\"Very nice tutors who take a lot of time and explain everything well.\"<\/p>\t\t\t\t\t\n\t<p>We also teach science in other subjects:<\/p>\n<ul>\n<li><a href=\"https:\/\/www.perspectivanova.ch\/en\/biology-tutoring\/\">Biology tutoring<\/a><\/li>\n<li><a href=\"https:\/\/www.perspectivanova.ch\/en\/physics-tutoring\/\">Physics tutoring<\/a><\/li>\n<li><a href=\"https:\/\/www.perspectivanova.ch\/en\/mathematics-tutoring\/\">Mathematics tutoring<\/a><\/li>\n<\/ul>\n\t<h2>We teach throughout German-speaking Switzerland<\/h2>\n<p>Our trained team of teachers at Perspectiva Nova supports your child with individually tailored remedial and private tuition - right where they feel most comfortable: at home.<\/p>\n\t<a href=\"\/en\/tutoring\/\" target=\"_self\"  aria-label=\"Go to \/tutoring\/\"><\/a>\n\t\t\t\t<img decoding=\"async\" src=\"https:\/\/www.perspectivanova.ch\/wp-content\/uploads\/2021\/10\/icon-rucksack-final.svg\" alt=\"icon backpack\" title=\"icon-backpack-final\" itemprop=\"image\"\/>\n\t\t\t\t<p><strong>Tutoring Elementary and<\/strong><br \/><strong>High School,<\/strong><br \/><strong>Gymnasium \/ Probation Period<\/strong><\/p>\n\u00a0\n\u00a0\n\t<a href=\"\/en\/gymivorbereitung\/\" target=\"_self\"  aria-label=\"Go to \/gymivorbereitung\/\"><\/a>\n\t\t\t\t<img decoding=\"async\" src=\"https:\/\/www.perspectivanova.ch\/wp-content\/uploads\/2021\/10\/icon-block-stift-final.svg\" alt=\"icon block pen\" title=\"icon-block-pen-final\" itemprop=\"image\"\/>\n\t\t\t\t<p><strong>Preparation<\/strong><br \/><strong>Gymi examination (ZAP1-3)<\/strong><br \/><strong>and Matura<\/strong><\/p>\n\u00a0\n\t<a href=\"\/en\/learning-strategies\/\" target=\"_self\"  aria-label=\"Go to \/learning strategies\/\"><\/a>\n\t\t\t\t<img decoding=\"async\" src=\"https:\/\/www.perspectivanova.ch\/wp-content\/uploads\/2021\/10\/bu\u0308cher-final-final.svg\" alt=\"Icon Books\" title=\"book-final-final\" itemprop=\"image\"\/>\n\t\t\t\t<p><strong>Learning Strategies<\/strong><br \/><strong>and Learning Plans<\/strong><\/p>\n\t<a href=\"\/en\/tuition-university\/\" target=\"_self\"  aria-label=\"Go to \/nachhilfe-hochschule\/\"><\/a>\n\t\t\t\t<img decoding=\"async\" src=\"https:\/\/www.perspectivanova.ch\/wp-content\/uploads\/2021\/10\/icon-buch-stift.svg\" alt=\"Icon book with pen\" title=\"icon book pen\" itemprop=\"image\"\/>\n\t\t\t\t<p><strong>Tutoring<\/strong><br \/><strong>University<\/strong><\/p>\n\u00a0\n\t\t\t\t<img decoding=\"async\" src=\"https:\/\/www.perspectivanova.ch\/wp-content\/uploads\/2021\/10\/icon-checkbox-weiss.svg\" alt=\"Icon checkbox white\" title=\"icon-checkbox-white\" itemprop=\"image\"\/>\n\t\t\t\t<p>Discovering the joy of learning and learning success<\/p>\n\t\t\t\t<img decoding=\"async\" src=\"https:\/\/www.perspectivanova.ch\/wp-content\/uploads\/2021\/10\/icon-checkbox-weiss.svg\" alt=\"Icon checkbox white\" title=\"icon-checkbox-white\" itemprop=\"image\"\/>\n\t\t\t\t<p class=\"translation-block\">Achieve goals that are tailored to personal needs<\/p>\n\t\t\t\t<img decoding=\"async\" src=\"https:\/\/www.perspectivanova.ch\/wp-content\/uploads\/2021\/10\/icon-checkbox-weiss.svg\" alt=\"Icon checkbox white\" title=\"icon-checkbox-white\" itemprop=\"image\"\/>\n\t\t\t\t<p>Documented learning progress<\/p>\n\t\t\t\t<img decoding=\"async\" src=\"https:\/\/www.perspectivanova.ch\/wp-content\/uploads\/2021\/10\/icon-checkbox-weiss.svg\" alt=\"Icon checkbox white\" title=\"icon-checkbox-white\" itemprop=\"image\"\/>\n\t\t\t\t<p>Trained and sensitive teachers for all levels and subjects<\/p>","protected":false},"excerpt":{"rendered":"<p>\u00abWir pflegen eine Kultur der Potenzialentfaltung, um das Selbstvertrauen unserer Sch\u00fcler:innen zu st\u00e4rken.\u00bb CINDY CASTY Deutsch, Naturwissenschaften, Englisch, Mathematik und weitere F\u00e4cher Chemie Nachhilfe in Z\u00fcrich F\u00fcr viele Sch\u00fclerinnen und Sch\u00fcler ist das Schulfach Chemie eine Herausforderung. Mit\u00a0Nachhilfe in Chemie\u00a0werden Zusammenh\u00e4nge deutlicher. Eine Verbesserung der Noten in Tests und Klausuren ist i.d.R. die Folge. Gerade [&hellip;]<\/p>\n","protected":false},"author":1,"featured_media":0,"parent":0,"menu_order":0,"comment_status":"closed","ping_status":"closed","template":"","meta":{"_acf_changed":false,"_seopress_robots_primary_cat":"","_seopress_titles_title":"Chemie Nachhilfe I Perspectiva Nova ","_seopress_titles_desc":"Perspectiva Nova unterst\u00fctzt mit individueller und professioneller Chemie Nachhilfe in Z\u00fcrich und virtuell. Von Sekundarstufe bis hin zur Matura, gemeinsam verbessern wir auf Dauer die Noten und verfassen regelm\u00e4ssige Lernberichte f\u00fcr die Eltern!","_seopress_robots_index":"","inline_featured_image":false,"site-sidebar-layout":"default","site-content-layout":"default","ast-site-content-layout":"default","site-content-style":"default","site-sidebar-style":"default","ast-global-header-display":"","ast-banner-title-visibility":"","ast-main-header-display":"","ast-hfb-above-header-display":"","ast-hfb-below-header-display":"","ast-hfb-mobile-header-display":"","site-post-title":"disabled","ast-breadcrumbs-content":"","ast-featured-img":"","footer-sml-layout":"","ast-disable-related-posts":"","theme-transparent-header-meta":"default","adv-header-id-meta":null,"stick-header-meta":"default","header-above-stick-meta":null,"header-main-stick-meta":"","header-below-stick-meta":null,"astra-migrate-meta-layouts":"default","ast-page-background-enabled":"default","ast-page-background-meta":{"desktop":{"background-color":"var(--ast-global-color-4)","background-image":"","background-repeat":"repeat","background-position":"center center","background-size":"auto","background-attachment":"scroll","background-type":"","background-media":"","overlay-type":"","overlay-color":"","overlay-opacity":"","overlay-gradient":""},"tablet":{"background-color":"","background-image":"","background-repeat":"repeat","background-position":"center center","background-size":"auto","background-attachment":"scroll","background-type":"","background-media":"","overlay-type":"","overlay-color":"","overlay-opacity":"","overlay-gradient":""},"mobile":{"background-color":"","background-image":"","background-repeat":"repeat","background-position":"center center","background-size":"auto","background-attachment":"scroll","background-type":"","background-media":"","overlay-type":"","overlay-color":"","overlay-opacity":"","overlay-gradient":""}},"ast-content-background-meta":{"desktop":{"background-color":"var(--ast-global-color-5)","background-image":"","background-repeat":"repeat","background-position":"center center","background-size":"auto","background-attachment":"scroll","background-type":"","background-media":"","overlay-type":"","overlay-color":"","overlay-opacity":"","overlay-gradient":""},"tablet":{"background-color":"var(--ast-global-color-5)","background-image":"","background-repeat":"repeat","background-position":"center center","background-size":"auto","background-attachment":"scroll","background-type":"","background-media":"","overlay-type":"","overlay-color":"","overlay-opacity":"","overlay-gradient":""},"mobile":{"background-color":"var(--ast-global-color-5)","background-image":"","background-repeat":"repeat","background-position":"center center","background-size":"auto","background-attachment":"scroll","background-type":"","background-media":"","overlay-type":"","overlay-color":"","overlay-opacity":"","overlay-gradient":""}},"iawp_total_views":125,"footnotes":""},"class_list":["post-1249","page","type-page","status-publish","hentry"],"acf":[],"_links":{"self":[{"href":"https:\/\/www.perspectivanova.ch\/en\/wp-json\/wp\/v2\/pages\/1249","targetHints":{"allow":["GET"]}}],"collection":[{"href":"https:\/\/www.perspectivanova.ch\/en\/wp-json\/wp\/v2\/pages"}],"about":[{"href":"https:\/\/www.perspectivanova.ch\/en\/wp-json\/wp\/v2\/types\/page"}],"author":[{"embeddable":true,"href":"https:\/\/www.perspectivanova.ch\/en\/wp-json\/wp\/v2\/users\/1"}],"replies":[{"embeddable":true,"href":"https:\/\/www.perspectivanova.ch\/en\/wp-json\/wp\/v2\/comments?post=1249"}],"version-history":[{"count":19,"href":"https:\/\/www.perspectivanova.ch\/en\/wp-json\/wp\/v2\/pages\/1249\/revisions"}],"predecessor-version":[{"id":2060,"href":"https:\/\/www.perspectivanova.ch\/en\/wp-json\/wp\/v2\/pages\/1249\/revisions\/2060"}],"wp:attachment":[{"href":"https:\/\/www.perspectivanova.ch\/en\/wp-json\/wp\/v2\/media?parent=1249"}],"curies":[{"name":"wp","href":"https:\/\/api.w.org\/{rel}","templated":true}]}}