{"id":1222,"date":"2022-01-31T16:46:31","date_gmt":"2022-01-31T15:46:31","guid":{"rendered":"https:\/\/www.perspectivanova.ch\/?page_id=1222"},"modified":"2025-08-29T08:49:50","modified_gmt":"2025-08-29T06:49:50","slug":"italian-tutoring","status":"publish","type":"page","link":"https:\/\/www.perspectivanova.ch\/en\/italienisch-nachhilfe\/","title":{"rendered":"Italian Tutoring"},"content":{"rendered":"<p>\"Students go through an individual learning process. This is also how the lessons at Perspectiva Nova are designed: tailored to the needs of the individual personalities.\"<\/p>\n\t<p>LORENZO MELENA<\/p>\n<p><a href=\"https:\/\/www.perspectivanova.ch\/en\/mathematics-tutoring\/\">Mathematics<\/a>, <a href=\"https:\/\/www.perspectivanova.ch\/en\/german-tutoring\/\">German<\/a>, <a href=\"https:\/\/www.perspectivanova.ch\/en\/french-tutoring\/\">French<\/a>, RZG and other subjects<\/p>\n\t\t\t\t<img decoding=\"async\" src=\"https:\/\/www.perspectivanova.ch\/wp-content\/uploads\/2025\/08\/lorenzo-melena_transparent.png\" alt=\"lorenzo melena transparent\" itemprop=\"image\" height=\"1499\" width=\"1499\" title=\"Lorenzo Melena_transparent\" onerror=\"this.style.display='none'\" loading=\"lazy\" \/>\n\t\t\t<h1>Italian Tutoring<\/h1>\t\t\t\n\t\t\t\t<p>Perspectiva Nova offers\u00a0<strong>qualified tutors for Italian in Zurich<\/strong> in the form of individual support and remedial lessons, because regular school lessons are often not sufficient for learning a foreign language. Italian in particular causes great difficulties for many pupils at the beginning.<\/p>\n\t\t\t<h2>Italian Tutoring Exercises<\/h2>\t\t\t\n\t\t\t\t<p>Practice makes perfect. Learning a foreign language such as Italian requires constant practice, which includes, in particular, regular <em><u>Vocabulary learning<\/u><\/em>but also the learning of\u00a0<em><u>Grammar, spellings and pronunciation<\/u><\/em>. In order to find access to the Italian language, our\u00a0<strong>Italian tutors<\/strong>\u00a0privately on site with the pupils on the basis of didactically elaborated\u00a0<strong>Italian exercises<\/strong>.<\/p>\n\t\t\t<h2>Improve grades in Italian<\/h2>\t\t\t\n\t\t\t\t<p>Grades in vocabulary tests and class tests are usually improved permanently through regular tutoring. In addition, the tutoring and remedial lessons in Italian will improve the <em><u>Pronunciation and text comprehension<\/u><\/em>\u00a0and knowledge gaps are closed.<\/p>\n\t\t\t<h2>Private Italian lessons in Zurich<\/h2>\t\t\t\n\t\t\t\t<p>At\u00a0<strong>Private Italian Lessons<\/strong>\u00a0offer tutors exercises and tasks that systematically build and expand vocabulary and language knowledge for Italian. In doing so, the teachers apply\u00a0<em><u>didactic methods<\/u><\/em>\u00a0with reference to the pupils' lifeworld and show them appropriate learning and working strategies in order to\u00a0<em><u>Italian vocabulary and grammar<\/u><\/em>\u00a0and to use them correctly. Language teaching is the basis so that pupils can\u00a0<strong>read and understand Italian texts<\/strong> and can also speak and understand the language fluently.<\/p>\n\t\t\t<h2>Italian tutors and teachers wanted?<\/h2>\t\t\t\n\t\t\t\t<p>Experienced and trained\u00a0<strong>Italian Tutors<\/strong>\u00a0With Perspectiva Nova, we offer individual support and remedial lessons from as little as CHF 90 per lesson. One lesson lasts 45 minutes. For learning Italian, our\u00a0<strong>Tutoring in Switzerland<\/strong>\u00a0also\u00a0<strong>Grammar school courses \/ Preparatory courses for secondary schools<\/strong>\u00a0an and\u00a0<strong>Italian<\/strong>\u00a0<strong>for the preparation for the Matura<\/strong>\u00a0and as a transition from primary to upper secondary school. For prospective students of the Romance language, too, the\u00a0<strong>Tutoring courses in Italian<\/strong> is a good preparation.\u00a0<strong>Italian tutors and teachers wanted<\/strong>? Then enquire now free of charge by phone or via the contact form.<\/p>\n\t\t\t<h2>Italian Lessons - Intensive Workshops in Zurich<\/h2>\t\t\t\n\t\t\t\t<p>The intensive workshops comprise a total of ten lessons of 60 minutes each. It costs 1'200.- CHF and is given by experienced and trained teachers. Our\u00a0<strong>Italian lessons<\/strong> in Zurich and the surrounding area is highly recommended due to its private character, as our teachers also write a learning report on each student at the end of the month to show learning progress and weaknesses as well as further work on the material.<\/p>\n\t\t\t<h2>Italian tuition during the holidays<\/h2>\t\t\t\n\t\t\t\t<p>Besides the\u00a0<strong>private tutoring in Italian<\/strong>\u00a0during the current school year, our\u00a0<strong>Tutoring in Zurich<\/strong>\u00a0and the surrounding area also provide remote care during non-school hours. The\u00a0<em><u>Remote supervision via Skype and FaceTime<\/u><\/em>\u00a0and is also carried out by competent and trained tutors. With distance tutoring, students also have the support they need during the holidays when it comes to learning Italian vocabulary and reading and listening comprehension.<\/p>\n<p>Our\u00a0<strong>Italian tutoring in Zurich<\/strong>\u00a0offers\u00a0<em><u>Teaching materials with tasks and exercises<\/u><\/em>These courses can also be taken during the holidays to consolidate what has been learned so far and to be prepared for the new school year. With the offer of preparatory courses for entry into the upper secondary school, language skills can also be consolidated and any gaps in knowledge filled. In addition, distance learning is an important building block if good grades in Italian are to be achieved and maintained even after the tuition-free period.<\/p>\n\t\t\t<h2>Private tutoring in Italian<\/h2>\t\t\t\n\t\t\t\t<p>In order to meet the individual requirements of primary, secondary and grammar school students in the subject of Italian, there are our\u00a0<strong>Private tuition in Italian<\/strong>\u00a0in Zurich and the surrounding area. The individual one-to-one tuition is adapted to the learning level and is carried out at home by competent tutors.<\/p>\n\t\t\t<h2>Italian tutoring in Zurich<\/h2>\t\t\t\n\t\t\t\t<p>Request now free of charge:<\/p>\n<h2>\n\t\t\tWhat our customers say:\t<\/h2>\n\t\t\t\t\t\t\t<h3 class='uabb-testimonial-author-name testimonial-author-name'>Marcel G.<\/h3>\n\t\t\t\t\t\t\tFilled starFilled starFilled starFilled starFilled star\n\t\t\t\t\t\t\t\tGym preparation\t\t\t\t\t\t\t\n\t\t\t\t\t\t<p>\"Competent tutoring service that is good for grammar school preparation, no matter what school subject.\"<\/p>\t\t\t\t\t\n\t\t\t\t\t\t\t<h3 class='uabb-testimonial-author-name testimonial-author-name'>Lena D.<\/h3>\n\t\t\t\t\t\t\tFilled starFilled starFilled starFilled starFilled star\n\t\t\t\t\t\t\t\tindividual tutoring in maths\t\t\t\t\t\t\t\n\t\t\t\t\t\t<p>\"Very nice tutors who take a lot of time and explain everything well.\"<\/p>\t\t\t\t\t\n\t<p>We also teach languages in other subjects:<\/p>\n<ul>\n<li><a href=\"https:\/\/www.perspectivanova.ch\/en\/german-tutoring\/\">German Tutoring<\/a><\/li>\n<li><a href=\"https:\/\/www.perspectivanova.ch\/en\/english-tutoring\/\">English tutoring<\/a><\/li>\n<li><a href=\"https:\/\/www.perspectivanova.ch\/en\/spanish-tutoring\/\">Spanish tutoring<\/a><\/li>\n<\/ul>\n\t<p>&nbsp;<\/p>\n<ul>\n<li><a href=\"https:\/\/www.perspectivanova.ch\/en\/french-tutoring\/\">French tutoring<\/a><\/li>\n<li><a href=\"https:\/\/www.perspectivanova.ch\/en\/latin-tutoring\/\">Latin Tutoring<\/a><\/li>\n<\/ul>\n\t<h2>We teach throughout German-speaking Switzerland<\/h2>\n<p>Our trained team of teachers at Perspectiva Nova supports your child with individually tailored remedial and private tuition - right where they feel most comfortable: at home.<\/p>\n\t<a href=\"\/en\/tutoring\/\" target=\"_self\"  aria-label=\"Go to \/tutoring\/\"><\/a>\n\t\t\t\t<img decoding=\"async\" src=\"https:\/\/www.perspectivanova.ch\/wp-content\/uploads\/2021\/10\/icon-rucksack-final.svg\" alt=\"icon backpack\" title=\"icon-backpack-final\" itemprop=\"image\"\/>\n\t\t\t\t<p><strong>Tutoring Elementary and<\/strong><br \/><strong>High School,<\/strong><br \/><strong>Gymnasium \/ Probation Period<\/strong><\/p>\n\u00a0\n\u00a0\n\t<a href=\"\/en\/gymivorbereitung\/\" target=\"_self\"  aria-label=\"Go to \/gymivorbereitung\/\"><\/a>\n\t\t\t\t<img decoding=\"async\" src=\"https:\/\/www.perspectivanova.ch\/wp-content\/uploads\/2021\/10\/icon-block-stift-final.svg\" alt=\"icon block pen\" title=\"icon-block-pen-final\" itemprop=\"image\"\/>\n\t\t\t\t<p><strong>Preparation<\/strong><br \/><strong>Gymi examination (ZAP1-3)<\/strong><br \/><strong>and Matura<\/strong><\/p>\n\u00a0\n\t<a href=\"\/en\/learning-strategies\/\" target=\"_self\"  aria-label=\"Go to \/learning strategies\/\"><\/a>\n\t\t\t\t<img decoding=\"async\" src=\"https:\/\/www.perspectivanova.ch\/wp-content\/uploads\/2021\/10\/bu\u0308cher-final-final.svg\" alt=\"Icon Books\" title=\"book-final-final\" itemprop=\"image\"\/>\n\t\t\t\t<p><strong>Learning Strategies<\/strong><br \/><strong>and Learning Plans<\/strong><\/p>\n\t<a href=\"\/en\/tuition-university\/\" target=\"_self\"  aria-label=\"Go to \/nachhilfe-hochschule\/\"><\/a>\n\t\t\t\t<img decoding=\"async\" src=\"https:\/\/www.perspectivanova.ch\/wp-content\/uploads\/2021\/10\/icon-buch-stift.svg\" alt=\"Icon book with pen\" title=\"icon book pen\" itemprop=\"image\"\/>\n\t\t\t\t<p><strong>Tutoring<\/strong><br \/><strong>University<\/strong><\/p>\n\u00a0\n\t\t\t\t<img decoding=\"async\" src=\"https:\/\/www.perspectivanova.ch\/wp-content\/uploads\/2021\/10\/icon-checkbox-weiss.svg\" alt=\"Icon checkbox white\" title=\"icon-checkbox-white\" itemprop=\"image\"\/>\n\t\t\t\t<p>Discovering the joy of learning and learning success<\/p>\n\t\t\t\t<img decoding=\"async\" src=\"https:\/\/www.perspectivanova.ch\/wp-content\/uploads\/2021\/10\/icon-checkbox-weiss.svg\" alt=\"Icon checkbox white\" title=\"icon-checkbox-white\" itemprop=\"image\"\/>\n\t\t\t\t<p class=\"translation-block\">Achieve goals that are tailored to personal needs<\/p>\n\t\t\t\t<img decoding=\"async\" src=\"https:\/\/www.perspectivanova.ch\/wp-content\/uploads\/2021\/10\/icon-checkbox-weiss.svg\" alt=\"Icon checkbox white\" title=\"icon-checkbox-white\" itemprop=\"image\"\/>\n\t\t\t\t<p>Documented learning progress<\/p>\n\t\t\t\t<img decoding=\"async\" src=\"https:\/\/www.perspectivanova.ch\/wp-content\/uploads\/2021\/10\/icon-checkbox-weiss.svg\" alt=\"Icon checkbox white\" title=\"icon-checkbox-white\" itemprop=\"image\"\/>\n\t\t\t\t<p>Trained and sensitive teachers for all levels and subjects<\/p>","protected":false},"excerpt":{"rendered":"<p>\u00abSch\u00fcler:innen durchlaufen einen individuellen Lernprozess. So ist auch der Unterricht bei Perspectiva Nova gestaltet: auf die Bed\u00fcrfnisse der einzelnen Pers\u00f6nlichkeiten zugeschnitten.\u00bb LORENZO MELENA Mathematik, Deutsch, Franz\u00f6sisch, RZG und weitere F\u00e4cher Italienisch Nachhilfe Perspectiva Nova bietet\u00a0qualifizierte Nachhilfe f\u00fcr Italienisch in Z\u00fcrich in Form eines individuellen St\u00fctz- und F\u00f6rderunterrichts, denn der regul\u00e4re Schulunterricht reicht oft f\u00fcr das [&hellip;]<\/p>\n","protected":false},"author":1,"featured_media":0,"parent":0,"menu_order":0,"comment_status":"closed","ping_status":"closed","template":"","meta":{"_acf_changed":false,"_seopress_robots_primary_cat":"","_seopress_titles_title":"Italienisch Nachhilfe mit Erfolg I Perspectiva Nova ","_seopress_titles_desc":"Perspectiva Nova unterst\u00fctzt Ihr Kind mit individueller und zugeschnittenem F\u00f6rder- und Nachhilfeunterricht in Italienisch in Z\u00fcrich und virtuell. Von Sekundarstufe bis hin zur Matura, gemeinsam verbessern wir auf Dauer die Noten, meistern die Sprache und verfassen regelm\u00e4ssige Lernberichte f\u00fcr die Eltern!","_seopress_robots_index":"","inline_featured_image":false,"site-sidebar-layout":"default","site-content-layout":"default","ast-site-content-layout":"default","site-content-style":"default","site-sidebar-style":"default","ast-global-header-display":"","ast-banner-title-visibility":"","ast-main-header-display":"","ast-hfb-above-header-display":"","ast-hfb-below-header-display":"","ast-hfb-mobile-header-display":"","site-post-title":"disabled","ast-breadcrumbs-content":"","ast-featured-img":"","footer-sml-layout":"","ast-disable-related-posts":"","theme-transparent-header-meta":"default","adv-header-id-meta":null,"stick-header-meta":"default","header-above-stick-meta":null,"header-main-stick-meta":"","header-below-stick-meta":null,"astra-migrate-meta-layouts":"default","ast-page-background-enabled":"default","ast-page-background-meta":{"desktop":{"background-color":"var(--ast-global-color-4)","background-image":"","background-repeat":"repeat","background-position":"center center","background-size":"auto","background-attachment":"scroll","background-type":"","background-media":"","overlay-type":"","overlay-color":"","overlay-opacity":"","overlay-gradient":""},"tablet":{"background-color":"","background-image":"","background-repeat":"repeat","background-position":"center center","background-size":"auto","background-attachment":"scroll","background-type":"","background-media":"","overlay-type":"","overlay-color":"","overlay-opacity":"","overlay-gradient":""},"mobile":{"background-color":"","background-image":"","background-repeat":"repeat","background-position":"center center","background-size":"auto","background-attachment":"scroll","background-type":"","background-media":"","overlay-type":"","overlay-color":"","overlay-opacity":"","overlay-gradient":""}},"ast-content-background-meta":{"desktop":{"background-color":"var(--ast-global-color-5)","background-image":"","background-repeat":"repeat","background-position":"center center","background-size":"auto","background-attachment":"scroll","background-type":"","background-media":"","overlay-type":"","overlay-color":"","overlay-opacity":"","overlay-gradient":""},"tablet":{"background-color":"var(--ast-global-color-5)","background-image":"","background-repeat":"repeat","background-position":"center center","background-size":"auto","background-attachment":"scroll","background-type":"","background-media":"","overlay-type":"","overlay-color":"","overlay-opacity":"","overlay-gradient":""},"mobile":{"background-color":"var(--ast-global-color-5)","background-image":"","background-repeat":"repeat","background-position":"center center","background-size":"auto","background-attachment":"scroll","background-type":"","background-media":"","overlay-type":"","overlay-color":"","overlay-opacity":"","overlay-gradient":""}},"iawp_total_views":82,"footnotes":""},"class_list":["post-1222","page","type-page","status-publish","hentry"],"acf":[],"_links":{"self":[{"href":"https:\/\/www.perspectivanova.ch\/en\/wp-json\/wp\/v2\/pages\/1222","targetHints":{"allow":["GET"]}}],"collection":[{"href":"https:\/\/www.perspectivanova.ch\/en\/wp-json\/wp\/v2\/pages"}],"about":[{"href":"https:\/\/www.perspectivanova.ch\/en\/wp-json\/wp\/v2\/types\/page"}],"author":[{"embeddable":true,"href":"https:\/\/www.perspectivanova.ch\/en\/wp-json\/wp\/v2\/users\/1"}],"replies":[{"embeddable":true,"href":"https:\/\/www.perspectivanova.ch\/en\/wp-json\/wp\/v2\/comments?post=1222"}],"version-history":[{"count":13,"href":"https:\/\/www.perspectivanova.ch\/en\/wp-json\/wp\/v2\/pages\/1222\/revisions"}],"predecessor-version":[{"id":2066,"href":"https:\/\/www.perspectivanova.ch\/en\/wp-json\/wp\/v2\/pages\/1222\/revisions\/2066"}],"wp:attachment":[{"href":"https:\/\/www.perspectivanova.ch\/en\/wp-json\/wp\/v2\/media?parent=1222"}],"curies":[{"name":"wp","href":"https:\/\/api.w.org\/{rel}","templated":true}]}}