{"id":1219,"date":"2022-01-31T16:44:34","date_gmt":"2022-01-31T15:44:34","guid":{"rendered":"https:\/\/www.perspectivanova.ch\/?page_id=1219"},"modified":"2025-08-29T09:16:08","modified_gmt":"2025-08-29T07:16:08","slug":"spanish-tutoring","status":"publish","type":"page","link":"https:\/\/www.perspectivanova.ch\/en\/spanisch-nachhilfe\/","title":{"rendered":"Spanish tutoring"},"content":{"rendered":"<p>\"We foster a culture of developing potential in order to strengthen the self-confidence of our students.\"<\/p>\n\t<p><strong>CINDY CASTY<\/strong><\/p>\n<p><a href=\"https:\/\/www.perspectivanova.ch\/en\/german-tutoring\/\">German<\/a>, <a href=\"https:\/\/www.perspectivanova.ch\/en\/biology-tutoring\/\">Natural sciences<\/a>, <a href=\"https:\/\/www.perspectivanova.ch\/en\/english-tutoring\/\">English<\/a>, <a href=\"https:\/\/www.perspectivanova.ch\/en\/mathematics-tutoring\/\">Mathematics<\/a> and other subjects<\/p>\n\t\t\t\t<img decoding=\"async\" src=\"https:\/\/www.perspectivanova.ch\/wp-content\/uploads\/2025\/08\/cindy-casty_transparent-1024x1024.png\" alt=\"cindy casty transparent\" itemprop=\"image\" height=\"1024\" width=\"1024\" title=\"Cindy Casty_transparent\" onerror=\"this.style.display='none'\" loading=\"lazy\" \/>\n\t\t\t<h1>Spanish tutoring<\/h1>\t\t\t\n\t\t\t\t<p>The focus at the\u00a0<strong>Spanish tutoring<\/strong>\u00a0is that pupils can be educated through a\u00a0<em><u>systematic approach<\/u><\/em>\u00a0understand the language from scratch. In addition to the basic knowledge of the language, the\u00a0<em><u>Vocabulary and grammar<\/u><\/em>\u00a0also teaches how to read and understand words, sentences and texts in Spanish. In addition to translations, tutoring students learn through\u00a0<em><u>qualified tutors and teachers<\/u><\/em>The students learn how to make translations and significantly improve their reading comprehension of Spanish texts.<\/p>\n<p>In addition, the\u00a0<strong>Spanish tutoring<\/strong>\u00a0the know-how to also achieve good grades in exams and tests. One-to-one tutoring is aimed at all those who are looking for Spanish tutoring, who\u00a0<em><u>Spanish step by step<\/u><\/em>\u00a0imparts knowledge and learning methods and fills previous gaps that cannot be filled in regular classes.<\/p>\n\t\t\t<h2>Spanish private tutoring<\/h2>\t\t\t\n\t\t\t\t<p>In addition to group tuition, private tuition can also be\u00a0<strong>privately by a tutor or tutoress<\/strong>\u00a0be given. In this way, individual needs can be addressed much better. Spanish as a school subject focuses on pronunciation and intonation as well as regional studies including the politics, culture and history of Spain and the Spanish countries of Latin America. The students also learn about Spain's location and position within Europe and about its geographical features. Another focus is grammar with topics such as\u00a0<em><u>definite and indefinite articles<\/u><\/em>, nouns and verbs. Pupils learn the times in Spanish and the correct\u00a0<em><u>Noun declension<\/u><\/em><\/p>\n\t\t\t<h2>Spanish Tutoring Exercises<\/h2>\t\t\t\n\t\t\t\t<p>However, regular school lessons in Spanish are not always enough to learn new vocabulary, understand grammar and grasp the special features of the language. Therefore, our tutors use tried and tested methods to help you learn the language.\u00a0<strong>Spanish tutoring exercises<\/strong>The programme includes a series of lessons that review the material taught in school and intensify learning. Through targeted training, our\u00a0<strong>Tutoring in Switzerland (Zurich)<\/strong>\u00a0for arousing interest in the pupils. Getting students interested and aware that learning a foreign language like Spanish is both beneficial and fun is the basis of the success of the\u00a0<strong>Spanish tutoring in Zurich<\/strong>.<\/p>\n\t\t\t<h2>Spanish tutoring services - discover advantages online<\/h2>\t\t\t\n\t\t\t\t<p>The services of the\u00a0<strong>Zurich tutoring in Spanish<\/strong>\u00a0include, in addition to individual tuition at home, a\u00a0<em><u>Feedback for the parents<\/u><\/em>\u00a0every month, as well as a feedback session with the subject teachers upon request. Through a\u00a0<em><u>Protected customer login<\/u><\/em>\u00a0parents have at any time\u00a0<em><u>Insight into learning progress<\/u><\/em>\u00a0of the child. Whether the\u00a0<strong>Spanish tutoring\u00a0<\/strong>fits one's own needs, can be found with a\u00a0<em><u>Consultation<\/u><\/em>\u00a0be tested. This helps parents and children to find the optimal\u00a0<strong>Private tuition for Spanish in Switzerland (Zurich)<\/strong>\u00a0do not take any risks with us.<\/p>\n\t\t\t<h2>Spanish tuition wanted?<\/h2>\t\t\t\n\t\t\t\t<p>Contact us now for a consultation of the\u00a0<strong>Tutoring in Zurich<\/strong>\u00a0use! Discover also the\u00a0<em><u>Advantages of the intensive holiday courses<\/u><\/em>\u00a0and the intensive\u00a0<strong>Tutoring lessons in Spanish<\/strong>\u00a0to prepare for exams, class tests and vocabulary and grammar tests. Pupils are supported by the\u00a0<em><u>Support and remedial teaching in Spanish individually adapted to the learning levels<\/u><\/em>\u00a0Improve grades in the long term and benefit from sustainable learning success.<\/p>\n<ul>\n<li>Systematic and sustainable Spanish tutoring<\/li>\n<li>professional tutors<\/li>\n<li>Spanish remedial classes to improve speaking and reading comprehension skills<\/li>\n<li>Intensive preparation for exams, vocabulary and grammar tests in Spanish<\/li>\n<li>Teaching materials for Spanish lessons included<\/li>\n<li>Intensive Holiday Spanish Courses<\/li>\n<li>No risk due to free initial consultation<\/li>\n<li>Learning success control for Spanish tutoring through secure customer login<\/li>\n<\/ul>\n\t\t\t<h2>Spanish tutoring in Zurich<\/h2>\t\t\t\n\t\t\t\t<p>Request now free of charge:<\/p>\n<h2>\n\t\t\tWhat our customers say:\t<\/h2>\n\t\t\t\t\t\t\t<h3 class='uabb-testimonial-author-name testimonial-author-name'>Marcel G.<\/h3>\n\t\t\t\t\t\t\tFilled starFilled starFilled starFilled starFilled star\n\t\t\t\t\t\t\t\tGym preparation\t\t\t\t\t\t\t\n\t\t\t\t\t\t<p>\"Competent tutoring service that is good for grammar school preparation, no matter what school subject.\"<\/p>\t\t\t\t\t\n\t\t\t\t\t\t\t<h3 class='uabb-testimonial-author-name testimonial-author-name'>Lena D.<\/h3>\n\t\t\t\t\t\t\tFilled starFilled starFilled starFilled starFilled star\n\t\t\t\t\t\t\t\tindividual tutoring in maths\t\t\t\t\t\t\t\n\t\t\t\t\t\t<p>\"Very nice tutors who take a lot of time and explain everything well.\"<\/p>\t\t\t\t\t\n\t<p>We also teach languages in other subjects:<\/p>\n<ul>\n<li><a href=\"https:\/\/www.perspectivanova.ch\/en\/german-tutoring\/\">German Tutoring<\/a><\/li>\n<li><a href=\"https:\/\/www.perspectivanova.ch\/en\/english-tutoring\/\">English tutoring<\/a><\/li>\n<li><a href=\"https:\/\/www.perspectivanova.ch\/en\/french-tutoring\/\">French tutoring<\/a><\/li>\n<\/ul>\n\t<p>&nbsp;<\/p>\n<ul>\n<li><a href=\"https:\/\/www.perspectivanova.ch\/en\/italian-tutoring\/\">Italian Tutoring<\/a><\/li>\n<li><a href=\"https:\/\/www.perspectivanova.ch\/en\/latin-tutoring\/\">Latin Tutoring<\/a><\/li>\n<\/ul>\n\t<h2>We teach throughout German-speaking Switzerland<\/h2>\n<p>Our trained team of teachers at Perspectiva Nova supports your child with individually tailored remedial and private tuition - right where they feel most comfortable: at home.<\/p>\n\t<a href=\"\/en\/tutoring\/\" target=\"_self\"  aria-label=\"Go to \/tutoring\/\"><\/a>\n\t\t\t\t<img decoding=\"async\" src=\"https:\/\/www.perspectivanova.ch\/wp-content\/uploads\/2021\/10\/icon-rucksack-final.svg\" alt=\"icon backpack\" title=\"icon-backpack-final\" itemprop=\"image\"\/>\n\t\t\t\t<p><strong>Tutoring Elementary and<\/strong><br \/><strong>High School,<\/strong><br \/><strong>Gymnasium \/ Probation Period<\/strong><\/p>\n\u00a0\n\u00a0\n\t<a href=\"\/en\/gymivorbereitung\/\" target=\"_self\"  aria-label=\"Go to \/gymivorbereitung\/\"><\/a>\n\t\t\t\t<img decoding=\"async\" src=\"https:\/\/www.perspectivanova.ch\/wp-content\/uploads\/2021\/10\/icon-block-stift-final.svg\" alt=\"icon block pen\" title=\"icon-block-pen-final\" itemprop=\"image\"\/>\n\t\t\t\t<p><strong>Preparation<\/strong><br \/><strong>Gymi examination (ZAP1-3)<\/strong><br \/><strong>and Matura<\/strong><\/p>\n\u00a0\n\t<a href=\"\/en\/learning-strategies\/\" target=\"_self\"  aria-label=\"Go to \/learning strategies\/\"><\/a>\n\t\t\t\t<img decoding=\"async\" src=\"https:\/\/www.perspectivanova.ch\/wp-content\/uploads\/2021\/10\/bu\u0308cher-final-final.svg\" alt=\"Icon Books\" title=\"book-final-final\" itemprop=\"image\"\/>\n\t\t\t\t<p><strong>Learning Strategies<\/strong><br \/><strong>and Learning Plans<\/strong><\/p>\n\t<a href=\"\/en\/tuition-university\/\" target=\"_self\"  aria-label=\"Go to \/nachhilfe-hochschule\/\"><\/a>\n\t\t\t\t<img decoding=\"async\" src=\"https:\/\/www.perspectivanova.ch\/wp-content\/uploads\/2021\/10\/icon-buch-stift.svg\" alt=\"Icon book with pen\" title=\"icon book pen\" itemprop=\"image\"\/>\n\t\t\t\t<p><strong>Tutoring<\/strong><br \/><strong>University<\/strong><\/p>\n\u00a0\n\t\t\t\t<img decoding=\"async\" src=\"https:\/\/www.perspectivanova.ch\/wp-content\/uploads\/2021\/10\/icon-checkbox-weiss.svg\" alt=\"Icon checkbox white\" title=\"icon-checkbox-white\" itemprop=\"image\"\/>\n\t\t\t\t<p>Discovering the joy of learning and learning success<\/p>\n\t\t\t\t<img decoding=\"async\" src=\"https:\/\/www.perspectivanova.ch\/wp-content\/uploads\/2021\/10\/icon-checkbox-weiss.svg\" alt=\"Icon checkbox white\" title=\"icon-checkbox-white\" itemprop=\"image\"\/>\n\t\t\t\t<p class=\"translation-block\">Achieve goals that are tailored to personal needs<\/p>\n\t\t\t\t<img decoding=\"async\" src=\"https:\/\/www.perspectivanova.ch\/wp-content\/uploads\/2021\/10\/icon-checkbox-weiss.svg\" alt=\"Icon checkbox white\" title=\"icon-checkbox-white\" itemprop=\"image\"\/>\n\t\t\t\t<p>Documented learning progress<\/p>\n\t\t\t\t<img decoding=\"async\" src=\"https:\/\/www.perspectivanova.ch\/wp-content\/uploads\/2021\/10\/icon-checkbox-weiss.svg\" alt=\"Icon checkbox white\" title=\"icon-checkbox-white\" itemprop=\"image\"\/>\n\t\t\t\t<p>Trained and sensitive teachers for all levels and subjects<\/p>","protected":false},"excerpt":{"rendered":"<p>\u00abWir pflegen eine Kultur der Potenzialentfaltung, um das Selbstvertrauen unserer Sch\u00fcler:innen zu st\u00e4rken.\u00bb CINDY CASTY Deutsch, Naturwissenschaften, Englisch, Mathematik und weitere F\u00e4cher Spanisch Nachhilfe Im Fokus bei der\u00a0Nachhilfe in Spanisch\u00a0steht, dass Sch\u00fclerinnen und Sch\u00fcler durch eine\u00a0systematische Betrachtungsweise\u00a0die Sprache von Grund auf verstehen. Dabei wird im Nachhilfeunterricht neben dem\u00a0Wortschatz und der Grammatik\u00a0auch vermittelt, wie W\u00f6rter, S\u00e4tze [&hellip;]<\/p>\n","protected":false},"author":1,"featured_media":0,"parent":0,"menu_order":0,"comment_status":"closed","ping_status":"closed","template":"","meta":{"_acf_changed":false,"_seopress_robots_primary_cat":"","_seopress_titles_title":"Spanisch Nachhilfe mit Erfolg I Perspectiva Nova","_seopress_titles_desc":"Perspectiva Nova unterst\u00fctzt Ihr Kind in Spanisch mit individueller und zugeschnittenem F\u00f6rder- und Nachhilfeunterricht in Z\u00fcrich oder auch mit virtueller Nachhilfe. Von Sekundarstufe bis hin zur Matura, gemeinsam verbessern wir auf Dauer die Noten und meistern die Sprache mit unserer Spanisch Nachhilfe in Z\u00fcrich! ","_seopress_robots_index":"","inline_featured_image":false,"site-sidebar-layout":"default","site-content-layout":"default","ast-site-content-layout":"default","site-content-style":"default","site-sidebar-style":"default","ast-global-header-display":"","ast-banner-title-visibility":"","ast-main-header-display":"","ast-hfb-above-header-display":"","ast-hfb-below-header-display":"","ast-hfb-mobile-header-display":"","site-post-title":"disabled","ast-breadcrumbs-content":"","ast-featured-img":"","footer-sml-layout":"","ast-disable-related-posts":"","theme-transparent-header-meta":"default","adv-header-id-meta":null,"stick-header-meta":"default","header-above-stick-meta":null,"header-main-stick-meta":"","header-below-stick-meta":null,"astra-migrate-meta-layouts":"default","ast-page-background-enabled":"default","ast-page-background-meta":{"desktop":{"background-color":"var(--ast-global-color-4)","background-image":"","background-repeat":"repeat","background-position":"center center","background-size":"auto","background-attachment":"scroll","background-type":"","background-media":"","overlay-type":"","overlay-color":"","overlay-opacity":"","overlay-gradient":""},"tablet":{"background-color":"","background-image":"","background-repeat":"repeat","background-position":"center center","background-size":"auto","background-attachment":"scroll","background-type":"","background-media":"","overlay-type":"","overlay-color":"","overlay-opacity":"","overlay-gradient":""},"mobile":{"background-color":"","background-image":"","background-repeat":"repeat","background-position":"center center","background-size":"auto","background-attachment":"scroll","background-type":"","background-media":"","overlay-type":"","overlay-color":"","overlay-opacity":"","overlay-gradient":""}},"ast-content-background-meta":{"desktop":{"background-color":"var(--ast-global-color-5)","background-image":"","background-repeat":"repeat","background-position":"center center","background-size":"auto","background-attachment":"scroll","background-type":"","background-media":"","overlay-type":"","overlay-color":"","overlay-opacity":"","overlay-gradient":""},"tablet":{"background-color":"var(--ast-global-color-5)","background-image":"","background-repeat":"repeat","background-position":"center center","background-size":"auto","background-attachment":"scroll","background-type":"","background-media":"","overlay-type":"","overlay-color":"","overlay-opacity":"","overlay-gradient":""},"mobile":{"background-color":"var(--ast-global-color-5)","background-image":"","background-repeat":"repeat","background-position":"center center","background-size":"auto","background-attachment":"scroll","background-type":"","background-media":"","overlay-type":"","overlay-color":"","overlay-opacity":"","overlay-gradient":""}},"iawp_total_views":115,"footnotes":""},"class_list":["post-1219","page","type-page","status-publish","hentry"],"acf":[],"_links":{"self":[{"href":"https:\/\/www.perspectivanova.ch\/en\/wp-json\/wp\/v2\/pages\/1219","targetHints":{"allow":["GET"]}}],"collection":[{"href":"https:\/\/www.perspectivanova.ch\/en\/wp-json\/wp\/v2\/pages"}],"about":[{"href":"https:\/\/www.perspectivanova.ch\/en\/wp-json\/wp\/v2\/types\/page"}],"author":[{"embeddable":true,"href":"https:\/\/www.perspectivanova.ch\/en\/wp-json\/wp\/v2\/users\/1"}],"replies":[{"embeddable":true,"href":"https:\/\/www.perspectivanova.ch\/en\/wp-json\/wp\/v2\/comments?post=1219"}],"version-history":[{"count":8,"href":"https:\/\/www.perspectivanova.ch\/en\/wp-json\/wp\/v2\/pages\/1219\/revisions"}],"predecessor-version":[{"id":1970,"href":"https:\/\/www.perspectivanova.ch\/en\/wp-json\/wp\/v2\/pages\/1219\/revisions\/1970"}],"wp:attachment":[{"href":"https:\/\/www.perspectivanova.ch\/en\/wp-json\/wp\/v2\/media?parent=1219"}],"curies":[{"name":"wp","href":"https:\/\/api.w.org\/{rel}","templated":true}]}}