{"id":1212,"date":"2022-01-31T16:43:55","date_gmt":"2022-01-31T15:43:55","guid":{"rendered":"https:\/\/www.perspectivanova.ch\/?page_id=1212"},"modified":"2025-08-29T08:34:24","modified_gmt":"2025-08-29T06:34:24","slug":"french-tutoring","status":"publish","type":"page","link":"https:\/\/www.perspectivanova.ch\/en\/franzoesisch-nachhilfe\/","title":{"rendered":"French tutoring"},"content":{"rendered":"<p>\"Self-confidence and fun are the foundations for success.\"<\/p>\n\t<p>ANTJE PF\u00dcLLER,<\/p>\n<a href=\"https:\/\/www.perspectivanova.ch\/en\/mathematics-tutoring\/\">Mathematics<\/a>, <a href=\"https:\/\/www.perspectivanova.ch\/en\/german-tutoring\/\">German, <\/a><a href=\"https:\/\/www.perspectivanova.ch\/en\/english-tutoring\/\">English<\/a> and other subjects<strong><br \/>\n<\/strong>\n\t\t\t\t<img decoding=\"async\" src=\"https:\/\/www.perspectivanova.ch\/wp-content\/uploads\/2025\/08\/antje-pfueller_transparent-1024x1024.png\" alt=\"antje pf\u00fcller transparent\" itemprop=\"image\" height=\"1024\" width=\"1024\" title=\"Antje Pf\u00fcller_transparent\" onerror=\"this.style.display='none'\" loading=\"lazy\" \/>\n\t\t\t<h1>French tutoring in Zurich<\/h1>\t\t\t\n\t\t\t\t<p>At first glance, the French language is very complicated for many children. Our\u00a0<strong>qualified tutors in Zurich\u00a0<\/strong>and surroundings use strategies, corresponding\u00a0<u>Exercises and tasks<\/u>, in order to\u00a0<strong>Tutoring<\/strong>\u00a0in such a way that children's language knowledge is permanently deepened.<\/p>\n<p>The situation in the classroom in French lessons in particular often leads to many pupils not daring to speak in a foreign language in front of others out of a misconceived sense of shame. With a <em><u>intensive<\/u><u>Tutoring<\/u><u> for<\/u><u> French<\/u><\/em>\u00a0and\u00a0<strong>French tutoring online<\/strong> children are optimally accompanied, receive <em><u>Language competence<\/u><\/em> and at the same time self-confidence in one's own abilities.<\/p>\n\t\t\t<h2>Professional French tutoring sought, found with us!<\/h2>\t\t\t\n\t\t\t\t<p>Our\u00a0<strong>French tutoring<\/strong> is geared towards supporting students who want to improve their grades in French in the long term and who want to master the language from scratch. The <strong>French tuition<\/strong> lay the foundation for consolidating grammar, vocabulary and language knowledge in the long term, beyond the regular lessons. <em><u>Language skills<\/u><\/em> in writing and to reach a high level in speaking French. Our tutors and teachers accompany students optimally during tutoring, fill the existing gaps with quality language instruction and thus promote language skills.<\/p>\n\t\t\t<h2>Actively learn the French language <\/h2>\t\t\t\n\t\t\t\t<p>In\u00a0<strong>French Tutoring Exercises<\/strong>\u00a0vocabulary is learned step by step, always in the context of everyday examples. At the same time, the knowledge of French culture and the feeling for the language are expanded and intensified in the private lessons. The combination of grammar, vocabulary, cultural knowledge and language awareness with everyday examples\u00a0<strong>French tasks<\/strong>\u00a0and examples ensures language competence. Language knowledge and vocabulary are not stubbornly learned by heart, but mastered. Children gain the necessary self-confidence and learn with the\u00a0<strong>French tutoring<\/strong>\u00a0at the same time, the confident and self-assured speaking of French.<\/p>\n\t\t\t<h2>French tutoring for all school levels in Switzerland<\/h2>\t\t\t\n\t\t\t\t<p>The\u00a0<strong>Exercises for French Tutoring<\/strong> there are in the areas of grammar, vocabulary and text comprehension, as well as for writing texts or a large essay. <strong>Ideas for French Tutoring<\/strong>\u00a0there are many and the\u00a0<strong>French Tutoring Material\u00a0<\/strong>is designed to meet the needs of the respective learning levels and age groups, such as<strong>\u00a0French tutoring 7th grade<\/strong>\u00a0or\u00a0<strong>Tutoring in French as preparation for education, <\/strong>or for the <strong>Bachelor studies<\/strong>\u00a0and\u00a0<strong>French tuition for grammar school<\/strong>. The French tutoring lesson also accompanies and supports students during school French exams and offers private <strong>Exam preparation<\/strong> on for a top exam result! In a systematic approach, our teacher will work out the <strong>French tutoring <\/strong>with the children the grammar rules of the French national language and vocabulary. There are games to develop language skills and also lessons with French films to improve language comprehension and expand vocabulary.<\/p>\n\t\t\t<h2>Costs for tutoring in French<\/h2>\t\t\t\n\t\t\t\t<p>The\u00a0<strong>Support and tutoring French language lessons <\/strong>as private lessons cost from CHF 90 per lesson, which lasts 45 minutes. The\u00a0<strong>Price for tutoring in French<\/strong> depends on the intensity of the tutoring, the duration, the requirements and the respective level of education and learning. French tutoring is also available as preparatory courses for secondary school and during holidays. Depending on the size of the group, each 45-minute course costs from CHF 70. Another offer is in the form of intensive workshops, which comprise a total of ten lessons of 60 minutes each. The <strong>Price for the French Workshop<\/strong>\u00a0is CHF 1,000.<\/p>\n\t\t\t<h2>Contact us for French tutoring in Zurich<\/h2>\t\t\t\n\t\t\t\t<p>Request now free of charge:<\/p>\n<h2>\n\t\t\tWhat our customers say:\t<\/h2>\n\t\t\t\t\t\t\t<b>Marcel G.<\/b>\n\t\t\t\t\t\t\tFilled starFilled starFilled starFilled starFilled star\n\t\t\t\t\t\t\t\tGym preparation\t\t\t\t\t\t\t\n\t\t\t\t\t\t<p>\"Competent tutoring service that is good for grammar school preparation, no matter what school subject.\"<\/p>\t\t\t\t\t\n\t\t\t\t\t\t\t<b>Lena D.<\/b>\n\t\t\t\t\t\t\tFilled starFilled starFilled starFilled starFilled star\n\t\t\t\t\t\t\t\tindividual tutoring in maths\t\t\t\t\t\t\t\n\t\t\t\t\t\t<p>\"Very nice tutors who take a lot of time and explain everything well.\"<\/p>\t\t\t\t\t\n\t<p>We also teach languages in other subjects:<\/p>\n<ul>\n<li><a href=\"https:\/\/www.perspectivanova.ch\/en\/german-tutoring\/\">German Tutoring<\/a><\/li>\n<li><a href=\"https:\/\/www.perspectivanova.ch\/en\/english-tutoring\/\">English tutoring<\/a><\/li>\n<li><a href=\"https:\/\/www.perspectivanova.ch\/en\/spanish-tutoring\/\">Spanish tutoring<\/a><\/li>\n<\/ul>\n\t<p>&nbsp;<\/p>\n<ul>\n<li><a href=\"https:\/\/www.perspectivanova.ch\/en\/italian-tutoring\/\">Italian Tutoring<\/a><\/li>\n<li><a href=\"https:\/\/www.perspectivanova.ch\/en\/latin-tutoring\/\">Latin Tutoring<\/a><\/li>\n<\/ul>\n\t<h2>We teach throughout German-speaking Switzerland<\/h2>\n<p>Our trained team of teachers at Perspectiva Nova supports your child with individually tailored remedial and private tuition - right where they feel most comfortable: at home.<\/p>\n\t<a href=\"\/en\/tutoring\/\" target=\"_self\"  aria-label=\"Go to \/tutoring\/\"><\/a>\n\t\t\t\t<img decoding=\"async\" src=\"https:\/\/www.perspectivanova.ch\/wp-content\/uploads\/2021\/10\/icon-rucksack-final.svg\" alt=\"icon backpack\" title=\"icon-backpack-final\" itemprop=\"image\"\/>\n\t\t\t\t<p><strong>Tutoring Elementary and<\/strong><br \/><strong>High School,<\/strong><br \/><strong>Gymnasium \/ Probation Period<\/strong><\/p>\n\u00a0\n\u00a0\n\t<a href=\"\/en\/gymivorbereitung\/\" target=\"_self\"  aria-label=\"Go to \/gymivorbereitung\/\"><\/a>\n\t\t\t\t<img decoding=\"async\" src=\"https:\/\/www.perspectivanova.ch\/wp-content\/uploads\/2021\/10\/icon-block-stift-final.svg\" alt=\"icon block pen\" title=\"icon-block-pen-final\" itemprop=\"image\"\/>\n\t\t\t\t<p><strong>Preparation<\/strong><br \/><strong>Gymi examination (ZAP1-3)<\/strong><br \/><strong>and Matura<\/strong><\/p>\n\u00a0\n\t<a href=\"\/en\/learning-strategies\/\" target=\"_self\"  aria-label=\"Go to \/learning strategies\/\"><\/a>\n\t\t\t\t<img decoding=\"async\" src=\"https:\/\/www.perspectivanova.ch\/wp-content\/uploads\/2021\/10\/bu\u0308cher-final-final.svg\" alt=\"Icon Books\" title=\"book-final-final\" itemprop=\"image\"\/>\n\t\t\t\t<p><strong>Learning Strategies<\/strong><br \/><strong>and Learning Plans<\/strong><\/p>\n\t<a href=\"\/en\/tuition-university\/\" target=\"_self\"  aria-label=\"Go to \/nachhilfe-hochschule\/\"><\/a>\n\t\t\t\t<img decoding=\"async\" src=\"https:\/\/www.perspectivanova.ch\/wp-content\/uploads\/2021\/10\/icon-buch-stift.svg\" alt=\"Icon book with pen\" title=\"icon book pen\" itemprop=\"image\"\/>\n\t\t\t\t<p><strong>Tutoring<\/strong><br \/><strong>University<\/strong><\/p>\n\u00a0\n\t\t\t\t<img decoding=\"async\" src=\"https:\/\/www.perspectivanova.ch\/wp-content\/uploads\/2021\/10\/icon-checkbox-weiss.svg\" alt=\"Icon checkbox white\" title=\"icon-checkbox-white\" itemprop=\"image\"\/>\n\t\t\t\t<p>Discovering the joy of learning and learning success<\/p>\n\t\t\t\t<img decoding=\"async\" src=\"https:\/\/www.perspectivanova.ch\/wp-content\/uploads\/2021\/10\/icon-checkbox-weiss.svg\" alt=\"Icon checkbox white\" title=\"icon-checkbox-white\" itemprop=\"image\"\/>\n\t\t\t\t<p class=\"translation-block\">Achieve goals that are tailored to personal needs<\/p>\n\t\t\t\t<img decoding=\"async\" src=\"https:\/\/www.perspectivanova.ch\/wp-content\/uploads\/2021\/10\/icon-checkbox-weiss.svg\" alt=\"Icon checkbox white\" title=\"icon-checkbox-white\" itemprop=\"image\"\/>\n\t\t\t\t<p>Documented learning progress<\/p>\n\t\t\t\t<img decoding=\"async\" src=\"https:\/\/www.perspectivanova.ch\/wp-content\/uploads\/2021\/10\/icon-checkbox-weiss.svg\" alt=\"Icon checkbox white\" title=\"icon-checkbox-white\" itemprop=\"image\"\/>\n\t\t\t\t<p>Trained and sensitive teachers for all levels and subjects<\/p>","protected":false},"excerpt":{"rendered":"<p>\u00abSelbsvertrauen und Spass sind die Grundlagen f\u00fcr Erfolg.\u00bb ANTJE PF\u00dcLLER, Mathematik, Deutsch, Englisch und weitere F\u00e4cher Franz\u00f6sisch Nachhilfe in Z\u00fcrich Die franz\u00f6sische Sprache ist auf den ersten Blick f\u00fcr viele Kinder sehr kompliziert. Unsere\u00a0qualifizierten Nachhilfelehrpersonen in Z\u00fcrich\u00a0und Umgebung nutzen Strategien, entsprechende\u00a0\u00dcbungen und Aufgaben, um den\u00a0Nachhilfeunterricht\u00a0so zu gestalten, dass das Sprachwissen bei Kindern dauerhaft vertieft wird. [&hellip;]<\/p>\n","protected":false},"author":1,"featured_media":0,"parent":0,"menu_order":0,"comment_status":"closed","ping_status":"closed","template":"","meta":{"_acf_changed":false,"_seopress_robots_primary_cat":"","_seopress_titles_title":"Franz\u00f6sisch Nachhilfe mit Erfolg  I Perspectiva Nova ","_seopress_titles_desc":"Perspectiva Nova unterst\u00fctzt Ihr Kind mit individueller und zugeschnittenem F\u00f6rder- und Nachhilfeunterricht in Franz\u00f6sisch in Z\u00fcrich und virtuell. Von Sekundarstufe bis hin zur Matura, gemeinsam verbessern wir auf Dauer die Noten und verfassen regelm\u00e4ssige Lernberichte f\u00fcr die Eltern!","_seopress_robots_index":"","inline_featured_image":false,"site-sidebar-layout":"default","site-content-layout":"default","ast-site-content-layout":"default","site-content-style":"default","site-sidebar-style":"default","ast-global-header-display":"","ast-banner-title-visibility":"","ast-main-header-display":"","ast-hfb-above-header-display":"","ast-hfb-below-header-display":"","ast-hfb-mobile-header-display":"","site-post-title":"disabled","ast-breadcrumbs-content":"","ast-featured-img":"","footer-sml-layout":"","ast-disable-related-posts":"","theme-transparent-header-meta":"default","adv-header-id-meta":null,"stick-header-meta":"default","header-above-stick-meta":null,"header-main-stick-meta":"","header-below-stick-meta":null,"astra-migrate-meta-layouts":"default","ast-page-background-enabled":"default","ast-page-background-meta":{"desktop":{"background-color":"var(--ast-global-color-4)","background-image":"","background-repeat":"repeat","background-position":"center center","background-size":"auto","background-attachment":"scroll","background-type":"","background-media":"","overlay-type":"","overlay-color":"","overlay-opacity":"","overlay-gradient":""},"tablet":{"background-color":"","background-image":"","background-repeat":"repeat","background-position":"center center","background-size":"auto","background-attachment":"scroll","background-type":"","background-media":"","overlay-type":"","overlay-color":"","overlay-opacity":"","overlay-gradient":""},"mobile":{"background-color":"","background-image":"","background-repeat":"repeat","background-position":"center center","background-size":"auto","background-attachment":"scroll","background-type":"","background-media":"","overlay-type":"","overlay-color":"","overlay-opacity":"","overlay-gradient":""}},"ast-content-background-meta":{"desktop":{"background-color":"var(--ast-global-color-5)","background-image":"","background-repeat":"repeat","background-position":"center center","background-size":"auto","background-attachment":"scroll","background-type":"","background-media":"","overlay-type":"","overlay-color":"","overlay-opacity":"","overlay-gradient":""},"tablet":{"background-color":"var(--ast-global-color-5)","background-image":"","background-repeat":"repeat","background-position":"center center","background-size":"auto","background-attachment":"scroll","background-type":"","background-media":"","overlay-type":"","overlay-color":"","overlay-opacity":"","overlay-gradient":""},"mobile":{"background-color":"var(--ast-global-color-5)","background-image":"","background-repeat":"repeat","background-position":"center center","background-size":"auto","background-attachment":"scroll","background-type":"","background-media":"","overlay-type":"","overlay-color":"","overlay-opacity":"","overlay-gradient":""}},"iawp_total_views":127,"footnotes":""},"class_list":["post-1212","page","type-page","status-publish","hentry"],"acf":[],"_links":{"self":[{"href":"https:\/\/www.perspectivanova.ch\/en\/wp-json\/wp\/v2\/pages\/1212","targetHints":{"allow":["GET"]}}],"collection":[{"href":"https:\/\/www.perspectivanova.ch\/en\/wp-json\/wp\/v2\/pages"}],"about":[{"href":"https:\/\/www.perspectivanova.ch\/en\/wp-json\/wp\/v2\/types\/page"}],"author":[{"embeddable":true,"href":"https:\/\/www.perspectivanova.ch\/en\/wp-json\/wp\/v2\/users\/1"}],"replies":[{"embeddable":true,"href":"https:\/\/www.perspectivanova.ch\/en\/wp-json\/wp\/v2\/comments?post=1212"}],"version-history":[{"count":19,"href":"https:\/\/www.perspectivanova.ch\/en\/wp-json\/wp\/v2\/pages\/1212\/revisions"}],"predecessor-version":[{"id":2063,"href":"https:\/\/www.perspectivanova.ch\/en\/wp-json\/wp\/v2\/pages\/1212\/revisions\/2063"}],"wp:attachment":[{"href":"https:\/\/www.perspectivanova.ch\/en\/wp-json\/wp\/v2\/media?parent=1212"}],"curies":[{"name":"wp","href":"https:\/\/api.w.org\/{rel}","templated":true}]}}